{"id":32403,"date":"2020-02-11T01:53:03","date_gmt":"2020-02-11T01:53:03","guid":{"rendered":"https:\/\/headshop.nl\/?post_type=product&#038;p=32403"},"modified":"2024-09-17T11:01:57","modified_gmt":"2024-09-17T11:01:57","slug":"juicy-jay-grape-papers","status":"publish","type":"product","link":"https:\/\/www.headshop.nl\/de\/juicy-jay-grape-papers\/","title":{"rendered":"JUICY JAY, Weintraube Papers"},"content":{"rendered":"","protected":false},"excerpt":{"rendered":"<p>Die Juicy Jay's Grape Flavored Rolling Papers erf\u00fcllen alle Ihre Rauchbed\u00fcrfnisse, denn der angenehme Traubengeschmack macht harte Kr\u00e4uter milder. Hergestellt mit Qualit\u00e4t und Liebe zum Detail, sind diese Juicy Jays Bl\u00e4ttchen sehr zu empfehlen.<\/p>","protected":false},"featured_media":32406,"template":"","meta":[],"product_brand":[],"product_cat":[297,446,421],"product_tag":[],"class_list":{"0":"post-32403","1":"product","2":"type-product","3":"status-publish","4":"has-post-thumbnail","6":"product_cat-all-products","7":"product_cat-papers","8":"product_cat-rolling-papers","9":"product_shipping_class-creditcard-on","11":"first","12":"instock","13":"taxable","14":"shipping-taxable","15":"purchasable","16":"product-type-variable","17":"has-default-attributes"},"_links":{"self":[{"href":"https:\/\/www.headshop.nl\/de\/wp-json\/wp\/v2\/product\/32403","targetHints":{"allow":["GET"]}}],"collection":[{"href":"https:\/\/www.headshop.nl\/de\/wp-json\/wp\/v2\/product"}],"about":[{"href":"https:\/\/www.headshop.nl\/de\/wp-json\/wp\/v2\/types\/product"}],"wp:featuredmedia":[{"embeddable":true,"href":"https:\/\/www.headshop.nl\/de\/wp-json\/wp\/v2\/media\/32406"}],"wp:attachment":[{"href":"https:\/\/www.headshop.nl\/de\/wp-json\/wp\/v2\/media?parent=32403"}],"wp:term":[{"taxonomy":"product_brand","embeddable":true,"href":"https:\/\/www.headshop.nl\/de\/wp-json\/wp\/v2\/product_brand?post=32403"},{"taxonomy":"product_cat","embeddable":true,"href":"https:\/\/www.headshop.nl\/de\/wp-json\/wp\/v2\/product_cat?post=32403"},{"taxonomy":"product_tag","embeddable":true,"href":"https:\/\/www.headshop.nl\/de\/wp-json\/wp\/v2\/product_tag?post=32403"}],"curies":[{"name":"wp","href":"https:\/\/api.w.org\/{rel}","templated":true}]}}