{"id":29916,"date":"2019-12-31T00:33:03","date_gmt":"2019-12-31T00:33:03","guid":{"rendered":"https:\/\/headshop.nl\/?post_type=product&#038;p=29916"},"modified":"2024-09-17T11:02:04","modified_gmt":"2024-09-17T11:02:04","slug":"slx-silver-grinder-non-stick","status":"publish","type":"product","link":"https:\/\/www.headshop.nl\/de\/slx-silver-grinder-non-stick\/","title":{"rendered":"SLX Silber Grinder Antihaftbeschichtung"},"content":{"rendered":"<h2>SLX Grau Silber Antihaftbeschichtung<\/h2>\n<p>Aluminium in Luft- und Raumfahrtqualit\u00e4t Gefertigt aus Aluminium 7075 T6 zur Vermeidung von Querverschraubungen, verbogenen und gebrochenen Z\u00e4hnen oder anderen Sch\u00e4den. Die meisten Grinder werden aus schw\u00e4cherem Aluminium der Serie 6 hergestellt. Die 7er-Serie ist teurer in der Bearbeitung, aber sie gew\u00e4hrleistet, dass Ihr SLX Kr\u00e4utergrinder ein Leben lang h\u00e4lt.<\/p>\n<p><strong>Erh\u00e4ltlich in 50,8 mm Taschenformat und 62 mm Heimformat.<\/strong><\/p>","protected":false},"excerpt":{"rendered":"<p>Antihaftbeschichtung Ceramic SLX Version 2.0 ist innen und au\u00dfen mit unserer patentierten Keramik non-stick beschichtet. Jede Lippe, jeder Zahn - sogar die Pollenkammer. <\/p>\n<p>Es klebt nicht, muss nicht gereinigt werden, ist 100% ungiftig, brennt nicht und setzt keine sch\u00e4dlichen Chemikalien frei. <strong>Erh\u00e4ltlich in 50,8 mm Taschenformat und 62 mm Heimformat.<\/strong><\/p>","protected":false},"featured_media":29921,"template":"","meta":[],"product_brand":[],"product_cat":[440,297,420,414,437],"product_tag":[],"class_list":{"0":"post-29916","1":"product","2":"type-product","3":"status-publish","4":"has-post-thumbnail","6":"product_cat-4-part-grinders","7":"product_cat-all-products","8":"product_cat-grinders","9":"product_cat-headshop","10":"product_cat-metal","11":"product_shipping_class-creditcard-on","13":"first","14":"instock","15":"taxable","16":"shipping-taxable","17":"purchasable","18":"product-type-variable","19":"has-default-attributes"},"_links":{"self":[{"href":"https:\/\/www.headshop.nl\/de\/wp-json\/wp\/v2\/product\/29916","targetHints":{"allow":["GET"]}}],"collection":[{"href":"https:\/\/www.headshop.nl\/de\/wp-json\/wp\/v2\/product"}],"about":[{"href":"https:\/\/www.headshop.nl\/de\/wp-json\/wp\/v2\/types\/product"}],"wp:featuredmedia":[{"embeddable":true,"href":"https:\/\/www.headshop.nl\/de\/wp-json\/wp\/v2\/media\/29921"}],"wp:attachment":[{"href":"https:\/\/www.headshop.nl\/de\/wp-json\/wp\/v2\/media?parent=29916"}],"wp:term":[{"taxonomy":"product_brand","embeddable":true,"href":"https:\/\/www.headshop.nl\/de\/wp-json\/wp\/v2\/product_brand?post=29916"},{"taxonomy":"product_cat","embeddable":true,"href":"https:\/\/www.headshop.nl\/de\/wp-json\/wp\/v2\/product_cat?post=29916"},{"taxonomy":"product_tag","embeddable":true,"href":"https:\/\/www.headshop.nl\/de\/wp-json\/wp\/v2\/product_tag?post=29916"}],"curies":[{"name":"wp","href":"https:\/\/api.w.org\/{rel}","templated":true}]}}