{"id":29779,"date":"2019-12-30T19:49:13","date_gmt":"2019-12-30T19:49:13","guid":{"rendered":"https:\/\/headshop.nl\/?post_type=product&#038;p=29779"},"modified":"2024-09-17T11:02:16","modified_gmt":"2024-09-17T11:02:16","slug":"psilocibine-grey-grinder","status":"publish","type":"product","link":"https:\/\/www.headshop.nl\/de\/psilocibine-grey-grinder\/","title":{"rendered":"Psilocibine Grau Grinder"},"content":{"rendered":"<h2>Psilocibine Grau Grinder<\/h2>\n<p>Der 4-teilige Metallgrinder von Psilocibine besteht aus hochwertigem, eloxiertem Aluminium, das CNC-gefr\u00e4st wurde, um eine Mahlkammer mit diamantf\u00f6rmigen, rasiermesserscharfen Z\u00e4hnen zu schaffen. Dies verhindert, dass Kr\u00e4uter gequetscht oder verdichtet werden, selbst wenn sie feucht sind, und sorgt daf\u00fcr, dass nur fein zerkleinerte Kr\u00e4uter in die darunter liegende Auffangkammer fallen.<\/p>\n<p>Unterhalb der ersten Auffangkammer befindet sich ein zus\u00e4tzlicher, durch ein feines Sieb abgetrennter Bereich, in dem die Kristalle gesammelt werden. Dieser Teil kann auf Wunsch entfernt werden, um das Mahlwerk in ein dreiteiliges, schlankeres Modell zu verwandeln.<\/p>\n<p>Der Deckel ist mit einem starken Magneten ausgestattet, um ihn beim Transport zu sichern, und die schmale Gr\u00f6\u00dfe macht ihn handlicher. Er ist mit unserem Psilocibine-Logo lasergraviert, was ihn zu einer gut aussehenden und funktionalen Erg\u00e4nzung f\u00fcr jeden Raucher-Werkzeugkasten macht, der jahrelang halten wird.<\/p>","protected":false},"excerpt":{"rendered":"<p>Wenn Sie speziell auf der Suche nach einem coolen und kleinen Psilocibine Grinder sind oder planen, ihn f\u00fcr kleine Mengen von Kr\u00e4utern zu verwenden, ist dies eine gute Wahl f\u00fcr einen 40mm Grinder.<\/p>","protected":false},"featured_media":29780,"template":"","meta":[],"product_brand":[],"product_cat":[440,297,420,414,437],"product_tag":[],"class_list":{"0":"post-29779","1":"product","2":"type-product","3":"status-publish","4":"has-post-thumbnail","6":"product_cat-4-part-grinders","7":"product_cat-all-products","8":"product_cat-grinders","9":"product_cat-headshop","10":"product_cat-metal","11":"product_shipping_class-creditcard-on","13":"first","14":"instock","15":"taxable","16":"shipping-taxable","17":"purchasable","18":"product-type-simple"},"_links":{"self":[{"href":"https:\/\/www.headshop.nl\/de\/wp-json\/wp\/v2\/product\/29779","targetHints":{"allow":["GET"]}}],"collection":[{"href":"https:\/\/www.headshop.nl\/de\/wp-json\/wp\/v2\/product"}],"about":[{"href":"https:\/\/www.headshop.nl\/de\/wp-json\/wp\/v2\/types\/product"}],"wp:featuredmedia":[{"embeddable":true,"href":"https:\/\/www.headshop.nl\/de\/wp-json\/wp\/v2\/media\/29780"}],"wp:attachment":[{"href":"https:\/\/www.headshop.nl\/de\/wp-json\/wp\/v2\/media?parent=29779"}],"wp:term":[{"taxonomy":"product_brand","embeddable":true,"href":"https:\/\/www.headshop.nl\/de\/wp-json\/wp\/v2\/product_brand?post=29779"},{"taxonomy":"product_cat","embeddable":true,"href":"https:\/\/www.headshop.nl\/de\/wp-json\/wp\/v2\/product_cat?post=29779"},{"taxonomy":"product_tag","embeddable":true,"href":"https:\/\/www.headshop.nl\/de\/wp-json\/wp\/v2\/product_tag?post=29779"}],"curies":[{"name":"wp","href":"https:\/\/api.w.org\/{rel}","templated":true}]}}