{"id":11817,"date":"2018-02-19T20:51:05","date_gmt":"2018-02-19T20:51:05","guid":{"rendered":"http:\/\/headshop.nl\/?post_type=product&#038;p=11817"},"modified":"2024-09-17T10:49:27","modified_gmt":"2024-09-17T10:49:27","slug":"triton-t3-shockproof-scale","status":"publish","type":"product","link":"https:\/\/www.headshop.nl\/de\/triton-t3-shockproof-scale\/","title":{"rendered":"Triton T3 sto\u00dffeste Waage"},"content":{"rendered":"<h2>Triton T3 sto\u00dffeste Waage<\/h2>\n<p><span style=\"color: #000000;\">Diese harte Schutzh\u00fclle ist ideal, um Ihre Waage sicher aufzubewahren, wenn Sie sie nicht benutzen... und sie dient auch als sch\u00f6ne Wiegeschale. Da sie Kanten hat, k\u00f6nnen Sie alle m\u00f6glichen Dinge wiegen, die normalerweise direkt von der Plattform fallen w\u00fcrden.<\/span><\/p>\n<p><span style=\"color: #000000;\">Innerhalb der Serie bietet sie mehrere Kapazit\u00e4ten und Aufl\u00f6sungen, um allen Anforderungen gerecht zu werden.<\/span><\/p>\n<p><span style=\"color: #000000;\">Ideal f\u00fcr Personen, die ihre Waage st\u00e4ndig fallen lassen oder missbrauchen. Weitere Standardmerkmale sind eine abnehmbare Schutzh\u00fclle, Batteriebetrieb (mit AAA-Batterien).<br \/><\/span><\/p>\n<table style=\"height: 223px;\" border=\"1\" width=\"490\" cellspacing=\"0\" cellpadding=\"2\">\n<tbody>\n<tr>\n<td><span style=\"color: #000000;\"><b>\u00a0 Strom<\/b><\/span><\/td>\n<td>\u00a0<span style=\"color: #000000;\">2 AAA-Batterien (enthalten)<\/span><\/td>\n<\/tr>\n<tr>\n<td><b>\u00a0 <span style=\"color: #000000;\">Anzeige<\/span><\/b><\/td>\n<td>\u00a0<span style=\"color: #000000;\">LCD mit Hintergrundbeleuchtung<\/span><\/td>\n<\/tr>\n<tr>\n<td><b>\u00a0 <span style=\"color: #000000;\">Tara-Funktion<\/span><\/b><\/td>\n<td>\u00a0<span style=\"color: #000000;\">Ja<\/span><\/td>\n<\/tr>\n<tr>\n<td><span style=\"color: #000000;\"><b>\u00a0 Kalibrierung<br \/><\/b><\/span><\/td>\n<td><span style=\"color: #000000;\">\u00a0Ja<\/span><\/td>\n<\/tr>\n<tr>\n<td><span style=\"color: #000000;\"><b>\u00a0 Z\u00e4hlfunktion<\/b><\/span><\/td>\n<td><span style=\"color: #000000;\">\u00a0Nein<\/span><\/td>\n<\/tr>\n<tr>\n<td><b>\u00a0 <span style=\"color: #000000;\">Plattform Gr\u00f6\u00dfe<\/span><\/b><\/td>\n<td>\u00a0<span style=\"color: #000000;\">2.25\u2033 x 3.125\u2033<\/span><\/td>\n<\/tr>\n<tr>\n<td><span style=\"color: #000000;\"><b>\u00a0 Skala Gr\u00f6\u00dfe<\/b><\/span><\/td>\n<td>\u00a0<span style=\"color: #000000;\">5,5\u2033 x 3,25\u2033 x 1\u2033<\/span><\/td>\n<\/tr>\n<tr>\n<td><span style=\"color: #000000;\"><b>\u00a0 W\u00e4gemodi<\/b><\/span><\/td>\n<td>\u00a0<span style=\"color: #000000;\">6<\/span><\/td>\n<\/tr>\n<\/tbody>\n<\/table>","protected":false},"excerpt":{"rendered":"<div class=\"wpb_wrapper\"><span style=\"color: #000000;\">Die Triton T3 Digitalwaage ist eine robuste Waage! Ihr einzigartiges Design verf\u00fcgt \u00fcber ein vollst\u00e4ndig gepolstertes \u00e4u\u00dferes Gummigeh\u00e4use. Alle internen Komponenten wurden verst\u00e4rkt und sto\u00dffest montiert. Das Ergebnis ist eine digitale Taschenwaage, die st\u00e4rker ist als jede andere auf der Welt.<\/span><\/div>","protected":false},"featured_media":13422,"template":"","meta":[],"product_brand":[],"product_cat":[297,414,627,418],"product_tag":[],"class_list":{"0":"post-11817","1":"product","2":"type-product","3":"status-publish","4":"has-post-thumbnail","6":"product_cat-all-products","7":"product_cat-headshop","8":"product_cat-headshop-top-10","9":"product_cat-scales","10":"product_shipping_class-creditcard-on","12":"first","13":"instock","14":"taxable","15":"shipping-taxable","16":"purchasable","17":"product-type-simple"},"_links":{"self":[{"href":"https:\/\/www.headshop.nl\/de\/wp-json\/wp\/v2\/product\/11817","targetHints":{"allow":["GET"]}}],"collection":[{"href":"https:\/\/www.headshop.nl\/de\/wp-json\/wp\/v2\/product"}],"about":[{"href":"https:\/\/www.headshop.nl\/de\/wp-json\/wp\/v2\/types\/product"}],"wp:featuredmedia":[{"embeddable":true,"href":"https:\/\/www.headshop.nl\/de\/wp-json\/wp\/v2\/media\/13422"}],"wp:attachment":[{"href":"https:\/\/www.headshop.nl\/de\/wp-json\/wp\/v2\/media?parent=11817"}],"wp:term":[{"taxonomy":"product_brand","embeddable":true,"href":"https:\/\/www.headshop.nl\/de\/wp-json\/wp\/v2\/product_brand?post=11817"},{"taxonomy":"product_cat","embeddable":true,"href":"https:\/\/www.headshop.nl\/de\/wp-json\/wp\/v2\/product_cat?post=11817"},{"taxonomy":"product_tag","embeddable":true,"href":"https:\/\/www.headshop.nl\/de\/wp-json\/wp\/v2\/product_tag?post=11817"}],"curies":[{"name":"wp","href":"https:\/\/api.w.org\/{rel}","templated":true}]}}