{"id":11761,"date":"2018-02-19T15:38:55","date_gmt":"2018-02-19T15:38:55","guid":{"rendered":"http:\/\/headshop.nl\/?post_type=product&#038;p=11761"},"modified":"2024-09-17T10:49:29","modified_gmt":"2024-09-17T10:49:29","slug":"luggage-scale","status":"publish","type":"product","link":"https:\/\/www.headshop.nl\/de\/luggage-scale\/","title":{"rendered":"Gep\u00e4ckwaage"},"content":{"rendered":"<h2>Spezifikationen<\/h2>\n<table border=\"1\" width=\"490\" cellspacing=\"0\" cellpadding=\"2\">\n<tbody>\n<tr>\n<td><span style=\"color: #000000;\"><b>\u00a0 Max. Kapazit\u00e4t<\/b><\/span><\/td>\n<td><span style=\"color: #000000;\">\u00a0bis zu 50 kg<\/span><\/td>\n<\/tr>\n<tr>\n<td><span style=\"color: #000000;\"><b>\u00a0 Genauigkeit<\/b><\/span><\/td>\n<td><span style=\"color: #000000;\">\u00a00,1kg<\/span><\/td>\n<\/tr>\n<tr>\n<td><span style=\"color: #000000;\"><b>\u00a0 Modi<\/b><\/span><\/td>\n<td><span style=\"color: #000000;\">\u00a0kg\/lb<\/span><\/td>\n<\/tr>\n<tr>\n<td><span style=\"color: #000000;\"><b>\u00a0 Farbe<\/b><\/span><\/td>\n<td><span style=\"color: #000000;\">\u00a0Schwarz<\/span><\/td>\n<\/tr>\n<tr>\n<td><span style=\"color: #000000;\"><b>\u00a0 LCD<\/b><\/span><\/td>\n<td><span style=\"color: #000000;\">\u00a012mm Ziffer<\/span><\/td>\n<\/tr>\n<tr>\n<td><span style=\"color: #000000;\"><b>\u00a0 Eigenschaften<\/b><\/span><\/td>\n<td><span style=\"color: #000000;\">\u00a01 Min. Abschaltautomatik, Signalton beim Lesen, flexibles Armband<\/span><\/td>\n<\/tr>\n<tr>\n<td><span style=\"color: #000000;\"><b>\u00a0 Strom<\/b><\/span><\/td>\n<td><span style=\"color: #000000;\">\u00a01 x CR2032-Batterie (im Lieferumfang enthalten)<\/span><\/td>\n<\/tr>\n<tr>\n<td><span style=\"color: #000000;\"><b>\u00a0 Garantie<\/b><\/span><\/td>\n<td><span style=\"color: #000000;\">\u00a03 Jahre<\/span><\/td>\n<\/tr>\n<\/tbody>\n<\/table>","protected":false},"excerpt":{"rendered":"<p>Mit dieser Taschen-Gep\u00e4ckwaage k\u00f6nnen Sie Koffer und andere Gegenst\u00e4nde zwischen 0 und 50 kg wiegen, sie wiegt bis auf 0,1 kg genau. Immer praktisch, um sie auf Ihrer Reise mitzunehmen!<\/p>","protected":false},"featured_media":13411,"template":"","meta":[],"product_brand":[],"product_cat":[297,414,418],"product_tag":[],"class_list":{"0":"post-11761","1":"product","2":"type-product","3":"status-publish","4":"has-post-thumbnail","6":"product_cat-all-products","7":"product_cat-headshop","8":"product_cat-scales","9":"product_shipping_class-creditcard-on","11":"first","12":"instock","13":"taxable","14":"shipping-taxable","15":"purchasable","16":"product-type-simple"},"_links":{"self":[{"href":"https:\/\/www.headshop.nl\/de\/wp-json\/wp\/v2\/product\/11761","targetHints":{"allow":["GET"]}}],"collection":[{"href":"https:\/\/www.headshop.nl\/de\/wp-json\/wp\/v2\/product"}],"about":[{"href":"https:\/\/www.headshop.nl\/de\/wp-json\/wp\/v2\/types\/product"}],"wp:featuredmedia":[{"embeddable":true,"href":"https:\/\/www.headshop.nl\/de\/wp-json\/wp\/v2\/media\/13411"}],"wp:attachment":[{"href":"https:\/\/www.headshop.nl\/de\/wp-json\/wp\/v2\/media?parent=11761"}],"wp:term":[{"taxonomy":"product_brand","embeddable":true,"href":"https:\/\/www.headshop.nl\/de\/wp-json\/wp\/v2\/product_brand?post=11761"},{"taxonomy":"product_cat","embeddable":true,"href":"https:\/\/www.headshop.nl\/de\/wp-json\/wp\/v2\/product_cat?post=11761"},{"taxonomy":"product_tag","embeddable":true,"href":"https:\/\/www.headshop.nl\/de\/wp-json\/wp\/v2\/product_tag?post=11761"}],"curies":[{"name":"wp","href":"https:\/\/api.w.org\/{rel}","templated":true}]}}