{"id":999,"date":"2017-08-20T16:02:04","date_gmt":"2017-08-20T16:02:04","guid":{"rendered":"http:\/\/headshop.nl\/?page_id=999"},"modified":"2021-08-24T08:05:22","modified_gmt":"2021-08-24T08:05:22","slug":"payment-methods","status":"publish","type":"page","link":"https:\/\/www.headshop.nl\/de\/payment-methods\/","title":{"rendered":"Zahlungsm\u00f6glichkeiten"},"content":{"rendered":"<div id=\"gap-1795362752\" class=\"gap-element clearfix\" style=\"display:block; height:auto;\">\n\t\t\n<style>\n#gap-1795362752 {\n  padding-top: 50px;\n}\n<\/style>\n\t<\/div>\n\t\n\n<div class=\"container section-title-container\" ><h1 class=\"section-title section-title-bold-center\"><b aria-hidden=\"true\"><\/b><span class=\"section-title-main\" style=\"font-size:131%;\">Bezahlung Mehods<\/span><b aria-hidden=\"true\"><\/b><\/h1><\/div>\n\n<div class=\"row\"  id=\"row-1815566103\">\n\n\n\t<div id=\"col-2095469803\" class=\"col small-12 large-12\"  >\n\t\t\t\t<div class=\"col-inner text-center\"  >\n\t\t\t\n\t\t\t\n\n<p>Hier bei The Headshop k\u00f6nnen Sie aus einer Reihe von Zahlungsm\u00f6glichkeiten w\u00e4hlen. Alle von ihnen sind sicher und diskret. Werfen Sie einen Blick auf die von uns angebotenen Optionen und w\u00e4hlen Sie diejenige, die Ihren W\u00fcnschen und Ihrem Standort entspricht.<\/p>\n\t<div class=\"img has-hover x md-x lg-x y md-y lg-y\" id=\"image_1400450600\">\n\t\t\t\t\t\t\t\t<div class=\"img-inner dark\" style=\"margin:0px 300px 0px 300px;\">\n\t\t\t<img loading=\"lazy\" decoding=\"async\" width=\"800\" height=\"125\" src=\"https:\/\/www.headshop.nl\/wp-content\/uploads\/2021\/08\/Betaalmethodes-800x125.png\" class=\"attachment-large size-large\" alt=\"\" srcset=\"https:\/\/www.headshop.nl\/wp-content\/uploads\/2021\/08\/Betaalmethodes-800x125.png 800w, https:\/\/www.headshop.nl\/wp-content\/uploads\/2021\/08\/Betaalmethodes-420x66.png 420w, https:\/\/www.headshop.nl\/wp-content\/uploads\/2021\/08\/Betaalmethodes-64x10.png 64w, https:\/\/www.headshop.nl\/wp-content\/uploads\/2021\/08\/Betaalmethodes-600x94.png 600w, https:\/\/www.headshop.nl\/wp-content\/uploads\/2021\/08\/Betaalmethodes-380x59.png 380w, https:\/\/www.headshop.nl\/wp-content\/uploads\/2021\/08\/Betaalmethodes-768x120.png 768w, https:\/\/www.headshop.nl\/wp-content\/uploads\/2021\/08\/Betaalmethodes-1536x240.png 1536w, https:\/\/www.headshop.nl\/wp-content\/uploads\/2021\/08\/Betaalmethodes.png 1920w\" sizes=\"auto, (max-width: 800px) 100vw, 800px\">\t\t\t\t\t\t\n\t\t\t\t\t<\/div>\n\t\t\t\t\t\t\t\t\n<style>\n#image_1400450600 {\n  width: 100%;\n}\n<\/style>\n\t<\/div>\n\t\n\n\n\t\t<\/div>\n\t\t\t\t\t<\/div>\n\n\t\n\n<\/div>\n\t<div id=\"gap-825408434\" class=\"gap-element clearfix\" style=\"display:block; height:auto;\">\n\t\t\n<style>\n#gap-825408434 {\n  padding-top: 30px;\n}\n<\/style>\n\t<\/div>\n\t\n\n<div class=\"container section-title-container\" ><h2 class=\"section-title section-title-bold-center\"><b aria-hidden=\"true\"><\/b><span class=\"section-title-main\" >1. iDEAL \/ MisterCash \/ Bancontact \/ Eps-\u00dcberweisung \/ Giropay<\/span><b aria-hidden=\"true\"><\/b><\/h2><\/div>\n\n\t<div id=\"gap-703054989\" class=\"gap-element clearfix\" style=\"display:block; height:auto;\">\n\t\t\n<style>\n#gap-703054989 {\n  padding-top: 30px;\n}\n<\/style>\n\t<\/div>\n\t\n\n<div class=\"row\"  id=\"row-640033296\">\n\n\n\t<div id=\"col-1054431082\" class=\"col small-12 large-12\"  >\n\t\t\t\t<div class=\"col-inner text-center\"  >\n\t\t\t\n\t\t\t\n\n<p>Dies ist der schnellste und einfachste Weg, Ihre Zahlung abzuschlie\u00dfen. W\u00e4hlen Sie die Option, die zu Ihrer Bank passt, und f\u00fchren Sie die einzelnen Schritte des Prozesses durch. Unser Zahlungsdienstleister bietet Ihnen eine sichere Zahlungsumgebung.<\/p>\n<p>Nachdem die Zahlung abgeschlossen ist, erhalten Sie sofort eine Benachrichtigung. Unser Team wird mit der Bearbeitung der Bestellung beginnen, um sie so schnell wie m\u00f6glich zu versenden. Wir werden Sie \u00fcber den Status per E-Mail auf dem Laufenden halten.<\/p>\n\n\t\t<\/div>\n\t\t\t\t\t<\/div>\n\n\t\n\n<\/div>\n\t<div id=\"gap-1171228821\" class=\"gap-element clearfix\" style=\"display:block; height:auto;\">\n\t\t\n<style>\n#gap-1171228821 {\n  padding-top: 40px;\n}\n<\/style>\n\t<\/div>\n\t\n\n<div class=\"container section-title-container\" ><h2 class=\"section-title section-title-bold-center\"><b aria-hidden=\"true\"><\/b><span class=\"section-title-main\" >2. Direkte Bank\u00fcberweisung<\/span><b aria-hidden=\"true\"><\/b><\/h2><\/div>\n\n\t<div id=\"gap-1554084095\" class=\"gap-element clearfix\" style=\"display:block; height:auto;\">\n\t\t\n<style>\n#gap-1554084095 {\n  padding-top: 30px;\n}\n<\/style>\n\t<\/div>\n\t\n\n<div class=\"row\"  id=\"row-11472434\">\n\n\n\t<div id=\"col-772640321\" class=\"col small-12 large-12\"  >\n\t\t\t\t<div class=\"col-inner text-center\"  >\n\t\t\t\n\t\t\t\n\n<p>Es ist m\u00f6glich, Ihre Zahlung per Bank\u00fcberweisung durchzuf\u00fchren. W\u00e4hlen Sie die Option \"Direkt\u00fcberweisung\" und folgen Sie den Schritten. Nachdem Sie die Bestellung abgeschlossen haben, erhalten Sie eine E-Mail mit den notwendigen Informationen und Zahlungsdetails.<\/p>\n<p>Bitte beachten Sie, dass es nach der \u00dcberweisung 1-3 Tage dauern kann, bis wir das Geld erhalten haben. Daher kann es etwas l\u00e4nger dauern, bis die Bestellung versandt wird. Sie werden \u00fcber den Status per E-Mail auf dem Laufenden gehalten.<\/p>\n\n\t\t<\/div>\n\t\t\t\t\t<\/div>\n\n\t\n\n<\/div>\n\t<div id=\"gap-2067389085\" class=\"gap-element clearfix\" style=\"display:block; height:auto;\">\n\t\t\n<style>\n#gap-2067389085 {\n  padding-top: 30px;\n}\n<\/style>\n\t<\/div>\n\t\n\n<div class=\"container section-title-container\" ><h2 class=\"section-title section-title-bold-center\"><b aria-hidden=\"true\"><\/b><span class=\"section-title-main\" >3. Kryptow\u00e4hrungen<\/span><b aria-hidden=\"true\"><\/b><\/h2><\/div>\n\n\t<div id=\"gap-1208985871\" class=\"gap-element clearfix\" style=\"display:block; height:auto;\">\n\t\t\n<style>\n#gap-1208985871 {\n  padding-top: 30px;\n}\n<\/style>\n\t<\/div>\n\t\n\n<div class=\"row\"  id=\"row-908158868\">\n\n\n\t<div id=\"col-1226160424\" class=\"col small-12 large-12\"  >\n\t\t\t\t<div class=\"col-inner text-center\"  >\n\t\t\t\n\t\t\t\n\n<p>Wir akzeptieren Zahlungen mit mehreren Arten von Kryptow\u00e4hrungen. Diese Zahlungen werden mit Coinbase, dem gr\u00f6\u00dften Bitcoin-Austausch und -Broker der Welt, abgewickelt. Um mit Kryptow\u00e4hrungen zu bezahlen, k\u00f6nnen Sie die Zahlungsoption \"Bitcoin und andere Kryptow\u00e4hrungen\" ausw\u00e4hlen.<\/p>\n<p>Derzeit akzeptieren wir Bitcoin, Ethereum, USD Coin, Litecoin und Bitcoin Cash.<\/p>\n\t<div class=\"img has-hover x md-x lg-x y md-y lg-y\" id=\"image_982795719\">\n\t\t\t\t\t\t\t\t<div class=\"img-inner dark\" style=\"margin:0px 300px 0px 300px;\">\n\t\t\t<img loading=\"lazy\" decoding=\"async\" width=\"800\" height=\"125\" src=\"https:\/\/www.headshop.nl\/wp-content\/uploads\/2021\/08\/Crypto-icons-800x125.png\" class=\"attachment-large size-large\" alt=\"Akzeptierte Kryptom\u00fcnzen\" srcset=\"https:\/\/www.headshop.nl\/wp-content\/uploads\/2021\/08\/Crypto-icons-800x125.png 800w, https:\/\/www.headshop.nl\/wp-content\/uploads\/2021\/08\/Crypto-icons-420x66.png 420w, https:\/\/www.headshop.nl\/wp-content\/uploads\/2021\/08\/Crypto-icons-64x10.png 64w, https:\/\/www.headshop.nl\/wp-content\/uploads\/2021\/08\/Crypto-icons-600x94.png 600w, https:\/\/www.headshop.nl\/wp-content\/uploads\/2021\/08\/Crypto-icons-380x59.png 380w, https:\/\/www.headshop.nl\/wp-content\/uploads\/2021\/08\/Crypto-icons-768x120.png 768w, https:\/\/www.headshop.nl\/wp-content\/uploads\/2021\/08\/Crypto-icons-1536x240.png 1536w, https:\/\/www.headshop.nl\/wp-content\/uploads\/2021\/08\/Crypto-icons.png 1920w\" sizes=\"auto, (max-width: 800px) 100vw, 800px\" \/>\t\t\t\t\t\t\n\t\t\t\t\t<\/div>\n\t\t\t\t\t\t\t\t\n<style>\n#image_982795719 {\n  width: 100%;\n}\n<\/style>\n\t<\/div>\n\t\n\n\n\t\t<\/div>\n\t\t\t\t\t<\/div>\n\n\t\n\n<\/div>\n\t<div id=\"gap-1146270173\" class=\"gap-element clearfix\" style=\"display:block; height:auto;\">\n\t\t\n<style>\n#gap-1146270173 {\n  padding-top: 30px;\n}\n<\/style>\n\t<\/div>","protected":false},"excerpt":{"rendered":"","protected":false},"author":807,"featured_media":0,"parent":0,"menu_order":0,"comment_status":"closed","ping_status":"closed","template":"page-blank.php","meta":{"footnotes":""},"class_list":["post-999","page","type-page","status-publish","hentry"],"_links":{"self":[{"href":"https:\/\/www.headshop.nl\/de\/wp-json\/wp\/v2\/pages\/999","targetHints":{"allow":["GET"]}}],"collection":[{"href":"https:\/\/www.headshop.nl\/de\/wp-json\/wp\/v2\/pages"}],"about":[{"href":"https:\/\/www.headshop.nl\/de\/wp-json\/wp\/v2\/types\/page"}],"author":[{"embeddable":true,"href":"https:\/\/www.headshop.nl\/de\/wp-json\/wp\/v2\/users\/807"}],"replies":[{"embeddable":true,"href":"https:\/\/www.headshop.nl\/de\/wp-json\/wp\/v2\/comments?post=999"}],"version-history":[{"count":0,"href":"https:\/\/www.headshop.nl\/de\/wp-json\/wp\/v2\/pages\/999\/revisions"}],"wp:attachment":[{"href":"https:\/\/www.headshop.nl\/de\/wp-json\/wp\/v2\/media?parent=999"}],"curies":[{"name":"wp","href":"https:\/\/api.w.org\/{rel}","templated":true}]}}