{"id":85313,"date":"2025-07-15T08:01:32","date_gmt":"2025-07-15T08:01:32","guid":{"rendered":"https:\/\/www.headshop.nl\/?page_id=85313"},"modified":"2026-03-25T10:29:35","modified_gmt":"2026-03-25T10:29:35","slug":"discount","status":"publish","type":"page","link":"https:\/\/www.headshop.nl\/de\/discount\/","title":{"rendered":"Rabatt"},"content":{"rendered":"<div id=\"text-3475250233\" class=\"text\">\n\t\t\n\n<h1>Letzte Rabatte<\/h1>\n\t\t\n<style>\n#text-3475250233 {\n  text-align: center;\n}\n<\/style>\n\t<\/div>\n\t\n<p style=\"text-align: center;\">Genie\u00dfen Sie gro\u00dfe Ersparnisse auf Ihre bevorzugten The Headshop Produkte mit unseren aktuellen Rabattcodes. Wir aktualisieren diese Seite regelm\u00e4\u00dfig, um Ihnen die aktuellsten Angebote zu bieten, also schauen Sie \u00f6fters vorbei. Sichern Sie sich Ihren Rabatt, solange er g\u00fcltig ist. Viel Spa\u00df beim Einkaufen und genie\u00dfen Sie Ihre Ersparnisse!<\/p>\n<div class=\"is-divider divider clearfix\" style=\"max-width:100%;height:1px;\"><\/div>\n\n<div class=\"row\"  id=\"row-1663445219\">\n\n\n\t<div id=\"col-1633175268\" class=\"col medium-6 small-12 large-6\"  >\n\t\t\t\t<div class=\"col-inner\"  >\n\t\t\t\n\t\t\t\n\n\n  <div class=\"banner has-hover\" id=\"banner-379063182\">\n          <div class=\"banner-inner fill\">\n        <div class=\"banner-bg fill\" >\n            <img loading=\"lazy\" decoding=\"async\" width=\"2560\" height=\"732\" src=\"https:\/\/www.headshop.nl\/wp-content\/uploads\/2026\/03\/Bunnys-Best-Shroomdeals_Wide_Steve_V4-scaled.png\" class=\"bg attachment-original size-original\" alt=\"\">                                    \n                    <\/div>\n\t\t\n        <div class=\"banner-layers container\">\n            <a class=\"fill\" href=\"https:\/\/www.headshop.nl\/de\/shroomshop\/\"><div class=\"fill banner-link\"><\/div><\/a>            \n\n\n        <\/div>\n      <\/div>\n\n            \n<style>\n#banner-379063182 {\n  padding-top: 146px;\n}\n<\/style>\n  <\/div>\n\n\n<div class=\"is-divider divider clearfix\" style=\"height:0px;\"><\/div>\n\n<h2>Bunny&#8217;s Best Shroomdeals<\/h2>\n<p class=\"p1\">Spring is here! Enjoy 25% off the entire shroomshop* and discover or stock up on your favorite products. Don\u2019t miss this seasonal deal! This promotion is active until the 20th of April.<\/p>\n<p><em>* Nicht g\u00fcltig in Kombination mit anderen Aktionen.\u00a0<\/em><\/p>\n<div class=\"row\"  id=\"row-1984170331\">\n\n\n\t<div id=\"col-217390802\" class=\"col medium-6 small-6 large-6\"  >\n\t\t\t\t<div class=\"col-inner\"  >\n\t\t\t\n\t\t\t\n\n<a href=\"https:\/\/www.headshop.nl\/de\/shroomshop\/\" class=\"button primary\" >\n\t\t<span>Zu den Rabatten<\/span>\n\t<\/a>\n\n\n\n\t\t<\/div>\n\t\t\t\t\t<\/div>\n\n\t\n\n\t<div id=\"col-894535613\" class=\"col medium-6 small-6 large-6\"  >\n\t\t\t\t<div class=\"col-inner text-right\"  >\n\t\t\t\n\t\t\t\n\n<a href=\"https:\/\/www.headshop.nl\/de\/shroomshop\/\" class=\"button success\" >\n\t\t<span>Aktiv<\/span>\n\t<i class=\"icon-checkmark\" aria-hidden=\"true\"><\/i><\/a>\n\n\n\n\t\t<\/div>\n\t\t\t\t\t<\/div>\n\n\t\n\n<\/div>\n<div class=\"is-divider divider clearfix\" style=\"max-width:100%;height:1px;\"><\/div>\n\n\n\t\t<\/div>\n\t\t\t\t\t<\/div>\n\n\t\n\n\t<div id=\"col-171034206\" class=\"col medium-6 small-12 large-6\"  >\n\t\t\t\t<div class=\"col-inner\"  >\n\t\t\t\n\t\t\t\n\n\n  <div class=\"banner has-hover\" id=\"banner-2037792224\">\n          <div class=\"banner-inner fill\">\n        <div class=\"banner-bg fill\" >\n            <img loading=\"lazy\" decoding=\"async\" width=\"1610\" height=\"460\" src=\"https:\/\/www.headshop.nl\/wp-content\/uploads\/2025\/07\/Bulkactie_wide_v2.jpg\" class=\"bg attachment-original size-original\" alt=\"\">                                    \n                    <\/div>\n\t\t\n        <div class=\"banner-layers container\">\n            <a class=\"fill\" href=\"https:\/\/www.headshop.nl\/de\/shroomshop\/magic-mushroom-grow-kits\/\"><div class=\"fill banner-link\"><\/div><\/a>            \n\n\n        <\/div>\n      <\/div>\n\n            \n<style>\n#banner-2037792224 {\n  padding-top: 146px;\n}\n<\/style>\n  <\/div>\n\n\n<div class=\"is-divider divider clearfix\" style=\"height:0px;\"><\/div>\n\n<h2><strong>Magic mushroom growkits bulk discount<\/strong><\/h2>\n<p>F\u00fcr Heimwerker und Naturliebhaber. Erleben Sie eine magische Erfahrung mit unseren hochwertigen Tr\u00fcffeln. Es ist ganz einfach: Je mehr Sie kaufen, desto mehr sparen Sie*.<\/p>\n<p><em>* Nicht g\u00fcltig in Kombination mit anderen Aktionen.\u00a0<\/em><\/p>\n<div class=\"row\"  id=\"row-338354195\">\n\n\n\t<div id=\"col-1884526602\" class=\"col medium-6 small-6 large-6\"  >\n\t\t\t\t<div class=\"col-inner\"  >\n\t\t\t\n\t\t\t\n\n<a href=\"https:\/\/www.headshop.nl\/de\/shroomshop\/magic-mushroom-grow-kits\/\" class=\"button primary\" >\n\t\t<span>Zu den Rabatten<\/span>\n\t<\/a>\n\n\n\n\t\t<\/div>\n\t\t\t\t\t<\/div>\n\n\t\n\n\t<div id=\"col-1209205814\" class=\"col medium-6 small-6 large-6\"  >\n\t\t\t\t<div class=\"col-inner text-right\"  >\n\t\t\t\n\t\t\t\n\n<a href=\"https:\/\/www.headshop.nl\/de\/shroomshop\/\" class=\"button success\" >\n\t\t<span>Aktiv<\/span>\n\t<i class=\"icon-checkmark\" aria-hidden=\"true\"><\/i><\/a>\n\n\n\n\t\t<\/div>\n\t\t\t\t\t<\/div>\n\n\t\n\n<\/div>\n<div class=\"is-divider divider clearfix\" style=\"max-width:100%;height:1px;\"><\/div>\n\n\n\t\t<\/div>\n\t\t\t\t\t<\/div>\n\n\t\n\n<\/div>\n<div class=\"row\"  id=\"row-1822519458\">\n\n\n\t<div id=\"col-615658821\" class=\"col medium-6 small-12 large-6\"  >\n\t\t\t\t<div class=\"col-inner\"  >\n\t\t\t\n\t\t\t\n\n\n  <div class=\"banner has-hover\" id=\"banner-1821141648\">\n          <div class=\"banner-inner fill\">\n        <div class=\"banner-bg fill\" >\n            <img loading=\"lazy\" decoding=\"async\" width=\"1610\" height=\"460\" src=\"https:\/\/www.headshop.nl\/wp-content\/uploads\/2025\/07\/Bulkactie_wide_v3.jpg\" class=\"bg attachment-original size-original\" alt=\"\">                                    \n                    <\/div>\n\t\t\n        <div class=\"banner-layers container\">\n            <a class=\"fill\" href=\"https:\/\/www.headshop.nl\/de\/shroomshop\/magic-truffles\/\"><div class=\"fill banner-link\"><\/div><\/a>            \n\n\n        <\/div>\n      <\/div>\n\n            \n<style>\n#banner-1821141648 {\n  padding-top: 146px;\n}\n<\/style>\n  <\/div>\n\n\n<div class=\"is-divider divider clearfix\" style=\"height:0px;\"><\/div>\n\n<h2><strong>Magische Tr\u00fcffel Massenrabatt<\/strong><\/h2>\n<p>F\u00fcr die Abenteurer und Entdecker. Erleben Sie eine magische Erfahrung mit unseren hochwertigen Tr\u00fcffeln. Es ist ganz einfach: Je mehr Sie kaufen, desto mehr sparen Sie*.\u00a0<\/p>\n<p><em>* Nicht g\u00fcltig in Kombination mit anderen Aktionen.<\/em><\/p>\n<div class=\"row\"  id=\"row-1674513449\">\n\n\n\t<div id=\"col-681260156\" class=\"col medium-6 small-6 large-6\"  >\n\t\t\t\t<div class=\"col-inner\"  >\n\t\t\t\n\t\t\t\n\n<a href=\"https:\/\/www.headshop.nl\/de\/shroomshop\/magic-truffles\/\" class=\"button primary\" >\n\t\t<span>Zu den Rabatten<\/span>\n\t<\/a>\n\n\n\n\t\t<\/div>\n\t\t\t\t\t<\/div>\n\n\t\n\n\t<div id=\"col-1975195583\" class=\"col medium-6 small-6 large-6\"  >\n\t\t\t\t<div class=\"col-inner text-right\"  >\n\t\t\t\n\t\t\t\n\n<a href=\"https:\/\/www.headshop.nl\/de\/shroomshop\/\" class=\"button success\" >\n\t\t<span>Aktiv<\/span>\n\t<i class=\"icon-checkmark\" aria-hidden=\"true\"><\/i><\/a>\n\n\n\n\t\t<\/div>\n\t\t\t\t\t<\/div>\n\n\t\n\n<\/div>\n<div class=\"is-divider divider clearfix\" style=\"max-width:100%;height:1px;\"><\/div>\n\n\n\t\t<\/div>\n\t\t\t\t\t<\/div>\n\n\t\n\n\t<div id=\"col-993524900\" class=\"col medium-6 small-12 large-6\"  >\n\t\t\t\t<div class=\"col-inner\"  >\n\t\t\t\n\t\t\t\n\n\n  <div class=\"banner has-hover\" id=\"banner-2147090717\">\n          <div class=\"banner-inner fill\">\n        <div class=\"banner-bg fill\" >\n            <img loading=\"lazy\" decoding=\"async\" width=\"1610\" height=\"460\" src=\"https:\/\/www.headshop.nl\/wp-content\/uploads\/2025\/07\/Bulkactie_wide_v1.jpg\" class=\"bg attachment-original size-original\" alt=\"\">                                    \n                    <\/div>\n\t\t\n        <div class=\"banner-layers container\">\n            <a class=\"fill\" href=\"https:\/\/www.headshop.nl\/de\/shroomshop\/magic-mushroom-spore-prints\/\"><div class=\"fill banner-link\"><\/div><\/a>            \n\n\n        <\/div>\n      <\/div>\n\n            \n<style>\n#banner-2147090717 {\n  padding-top: 146px;\n}\n<\/style>\n  <\/div>\n\n\n<div class=\"is-divider divider clearfix\" style=\"height:0px;\"><\/div>\n\n<h2><strong>Magische Pilzsporen Massenrabatt<\/strong><\/h2>\n<p>F\u00fcr die erfahrenen Genie\u00dfer und Sammler. Erleben Sie eine magische Erfahrung mit unseren hochwertigen Tr\u00fcffeln. Es ist ganz einfach: Je mehr Sie kaufen, desto mehr sparen Sie*.\u00a0<\/p>\n<p><em>* Nicht g\u00fcltig in Kombination mit anderen Aktionen.<\/em><\/p>\n<div class=\"row\"  id=\"row-439068984\">\n\n\n\t<div id=\"col-1431818771\" class=\"col medium-6 small-6 large-6\"  >\n\t\t\t\t<div class=\"col-inner\"  >\n\t\t\t\n\t\t\t\n\n<a href=\"https:\/\/www.headshop.nl\/de\/shroomshop\/magic-mushroom-spore-syringes\/\" class=\"button primary\" >\n\t\t<span>Zu den Rabatten<\/span>\n\t<\/a>\n\n\n\n\t\t<\/div>\n\t\t\t\t\t<\/div>\n\n\t\n\n\t<div id=\"col-1209251051\" class=\"col medium-6 small-6 large-6\"  >\n\t\t\t\t<div class=\"col-inner text-right\"  >\n\t\t\t\n\t\t\t\n\n<a href=\"https:\/\/www.headshop.nl\/de\/shroomshop\/\" class=\"button success\" >\n\t\t<span>Aktiv<\/span>\n\t<i class=\"icon-checkmark\" aria-hidden=\"true\"><\/i><\/a>\n\n\n\n\t\t<\/div>\n\t\t\t\t\t<\/div>\n\n\t\n\n<\/div>\n<div class=\"is-divider divider clearfix\" style=\"max-width:100%;height:1px;\"><\/div>\n\n\n\t\t<\/div>\n\t\t\t\t\t<\/div>\n\n\t\n\n<\/div>\n\n\t<div id=\"text-2916894428\" class=\"text\">\n\t\t\n\n<h3><strong>Bedingungen und Konditionen<\/strong><\/h3>\n\t\t\n<style>\n#text-2916894428 {\n  font-size: 1.55rem;\n  line-height: 0.75;\n}\n<\/style>\n\t<\/div>\n\t\n<p>Wir verstehen, dass jeder ein gutes Schn\u00e4ppchen liebt, und deshalb haben wir es uns zur Aufgabe gemacht, spezielle Tatanka Rabatt-Codes f\u00fcr Sie zu bringen. Um sicherzustellen, dass jeder die Rabatte von Tatanks versteht, finden Sie die Bedingungen und Konditionen der Rabatte unten.\u00a0<\/p>\n<p>Alle Angebote sind abh\u00e4ngig von der Verf\u00fcgbarkeit und k\u00f6nnen sich w\u00e4hrend des angegebenen Aktionszeitraums \u00e4ndern. Bestellungen m\u00fcssen aufgegeben werden, solange das Angebot aktiv und verf\u00fcgbar ist. Aktuelle Angebote k\u00f6nnen nicht gegen andere Produkte oder Bargeld umgetauscht werden. Aktionsartikel sind ausschlie\u00dflich f\u00fcr Werbezwecke bestimmt, Mengenrabatte werden automatisch gew\u00e4hrt. Mengenrabatte sind nur online m\u00f6glich. W\u00e4hrend gro\u00dfer Werbeaktionen sind die Mengenrabatte vor\u00fcbergehend deaktiviert. Wir bem\u00fchen uns, jederzeit korrekte Informationen zu liefern, aber wir haften nicht f\u00fcr Fehler oder Auslassungen. Wir behalten uns das Recht vor, Details, Beschreibungen und die Verf\u00fcgbarkeit von Angeboten und Produkten zu \u00e4ndern.<\/p>","protected":false},"excerpt":{"rendered":"","protected":false},"author":3768,"featured_media":0,"parent":0,"menu_order":0,"comment_status":"closed","ping_status":"closed","template":"","meta":{"footnotes":""},"class_list":["post-85313","page","type-page","status-publish","hentry"],"_links":{"self":[{"href":"https:\/\/www.headshop.nl\/de\/wp-json\/wp\/v2\/pages\/85313","targetHints":{"allow":["GET"]}}],"collection":[{"href":"https:\/\/www.headshop.nl\/de\/wp-json\/wp\/v2\/pages"}],"about":[{"href":"https:\/\/www.headshop.nl\/de\/wp-json\/wp\/v2\/types\/page"}],"author":[{"embeddable":true,"href":"https:\/\/www.headshop.nl\/de\/wp-json\/wp\/v2\/users\/3768"}],"replies":[{"embeddable":true,"href":"https:\/\/www.headshop.nl\/de\/wp-json\/wp\/v2\/comments?post=85313"}],"version-history":[{"count":63,"href":"https:\/\/www.headshop.nl\/de\/wp-json\/wp\/v2\/pages\/85313\/revisions"}],"predecessor-version":[{"id":90742,"href":"https:\/\/www.headshop.nl\/de\/wp-json\/wp\/v2\/pages\/85313\/revisions\/90742"}],"wp:attachment":[{"href":"https:\/\/www.headshop.nl\/de\/wp-json\/wp\/v2\/media?parent=85313"}],"curies":[{"name":"wp","href":"https:\/\/api.w.org\/{rel}","templated":true}]}}