{"id":40797,"date":"2022-01-14T14:55:29","date_gmt":"2022-01-14T14:55:29","guid":{"rendered":"https:\/\/www.headshop.nl\/?page_id=40797"},"modified":"2022-01-17T10:43:40","modified_gmt":"2022-01-17T10:43:40","slug":"day-night-shopping","status":"publish","type":"page","link":"https:\/\/www.headshop.nl\/de\/day-night-shopping\/","title":{"rendered":"Tag &amp; Nacht einkaufen"},"content":{"rendered":"<div class=\"row row-collapse row-full-width\"  id=\"row-2039808484\">\n\n\n\t<div id=\"col-1130058185\" class=\"col small-12 large-12\"  >\n\t\t\t\t<div class=\"col-inner text-center\"  >\n\t\t\t\n\t\t\t\n\n\n  <div class=\"banner has-hover\" id=\"banner-549094606\">\n          <div class=\"banner-inner fill\">\n        <div class=\"banner-bg fill\" >\n                                                \n                    <\/div>\n\t\t\n        <div class=\"banner-layers container\">\n            <div class=\"fill banner-link\"><\/div>            \n\n   <div id=\"text-box-268325771\" class=\"text-box banner-layer x50 md-x50 lg-x50 y50 md-y50 lg-y50 res-text\">\n                                <div class=\"text-box-content text dark\">\n              \n              <div class=\"text-inner text-center\">\n                  \n\n\t<div id=\"text-1139677117\" class=\"text\">\n\t\t\n\n<h1><strong>Tag &amp; Nacht einkaufen<\/strong><\/h1>\n<h2><strong>Im Laden, Abholung und Lieferung<\/strong><\/h2>\n\t\t\n<style>\n#text-1139677117 {\n  font-size: 0.75rem;\n  color: rgb(255, 255, 255);\n}\n#text-1139677117 > * {\n  color: rgb(255, 255, 255);\n}\n@media (min-width:550px) {\n  #text-1139677117 {\n    font-size: 1.05rem;\n  }\n}\n<\/style>\n\t<\/div>\n\t\n\t<div id=\"text-903573921\" class=\"text\">\n\t\t\n\n<h4><b>W\u00e4hlen Sie Ihre Zeit:<\/b><\/h4>\n\t\t\n<style>\n#text-903573921 {\n  font-size: 0.75rem;\n  color: rgb(255, 255, 255);\n}\n#text-903573921 > * {\n  color: rgb(255, 255, 255);\n}\n@media (min-width:550px) {\n  #text-903573921 {\n    font-size: 1.05rem;\n  }\n}\n<\/style>\n\t<\/div>\n\t\n<div class=\"row row-collapse\"  id=\"row-1761790209\">\n\n\n\t<div id=\"col-1215938147\" class=\"col medium-3 small-12 large-3\"  >\n\t\t\t\t<div class=\"col-inner\"  >\n\t\t\t\n\t\t\t\n\n\n\t\t<\/div>\n\t\t\t\t\t<\/div>\n\n\t\n\n\t<div id=\"col-579782121\" class=\"col medium-6 small-12 large-6\"  >\n\t\t\t\t<div class=\"col-inner text-center\"  >\n\t\t\t\n\t\t\t\n\n<a href=\"#dayshopping\" class=\"button success is-xlarge box-shadow-2 box-shadow-4-hover\" >\n\t\t<span>Im Laden: 10:00 - 17:00<\/span>\n\t<\/a>\n\n\n\n\t\t<\/div>\n\t\t\t\t\t<\/div>\n\n\t\n\n\t<div id=\"col-1968961609\" class=\"col medium-3 small-12 large-3\"  >\n\t\t\t\t<div class=\"col-inner\"  >\n\t\t\t\n\t\t\t\n\n\n\t\t<\/div>\n\t\t\t\t\t<\/div>\n\n\t\n\n<\/div>\n<div class=\"row row-collapse\"  id=\"row-695624100\">\n\n\n\t<div id=\"col-500126042\" class=\"col medium-3 small-12 large-3\"  >\n\t\t\t\t<div class=\"col-inner\"  >\n\t\t\t\n\t\t\t\n\n\n\t\t<\/div>\n\t\t\t\t\t<\/div>\n\n\t\n\n\t<div id=\"col-1015358860\" class=\"col medium-6 small-12 large-6\"  >\n\t\t\t\t<div class=\"col-inner text-center\"  >\n\t\t\t\n\t\t\t\n\n<a href=\"#nightshopping\" class=\"button success is-xlarge box-shadow-2 box-shadow-4-hover\" >\n\t\t<span>Anlieferung: 17:00 - 22:00<\/span>\n\t<\/a>\n\n\n\n\t\t<\/div>\n\t\t\t\t\t<\/div>\n\n\t\n\n\t<div id=\"col-2018370533\" class=\"col medium-3 small-12 large-3\"  >\n\t\t\t\t<div class=\"col-inner\"  >\n\t\t\t\n\t\t\t\n\n\n\t\t<\/div>\n\t\t\t\t\t<\/div>\n\n\t\n\n<\/div>\n\n              <\/div>\n           <\/div>\n                            \n<style>\n#text-box-268325771 {\n  width: 90%;\n}\n#text-box-268325771 .text-box-content {\n  font-size: 100%;\n}\n@media (min-width:550px) {\n  #text-box-268325771 {\n    width: 60%;\n  }\n}\n<\/style>\n    <\/div>\n \n\n        <\/div>\n      <\/div>\n\n            \n<style>\n#banner-549094606 {\n  padding-top: 500px;\n}\n<\/style>\n  <\/div>\n\n\n\n\t\t<\/div>\n\t\t\t\t\n<style>\n#col-1130058185 > .col-inner {\n  margin: 0 0px 0px 0px;\n}\n<\/style>\n\t<\/div>\n\n\t\n\n\n<style>\n#row-2039808484 > .col > .col-inner {\n  background-color: #000000;\n}\n<\/style>\n<\/div>\n<div class=\"row align-middle\"  id=\"row-1872563610\">\n\n\n\t<div id=\"col-975883551\" class=\"col small-12 large-12\"  >\n\t\t\t\t<div class=\"col-inner\"  >\n\t\t\t\n\t\t\t\n\n<div class=\"is-divider divider clearfix\" style=\"height:0px;\"><\/div>\n\n<span class=\"scroll-to\" data-label=\"Scroll to: #dayshopping\" data-bullet=\"true\" data-link=\"#dayshopping\" data-title=\"Change this\"><a name=\"dayshopping\"><\/a><\/span>\n\n<div class=\"container section-title-container\" ><h2 class=\"section-title section-title-normal\"><b aria-hidden=\"true\"><\/b><span class=\"section-title-main\" style=\"font-size:140%;\">Tag \u2600\ufe0f (10:00 - 17:00)<\/span><b aria-hidden=\"true\"><\/b><\/h2><\/div>\n\n<h2>Einkaufen im Gesch\u00e4ft<\/h2>\n<p>Wir freuen uns, Ihnen mitteilen zu k\u00f6nnen, dass unsere Gesch\u00e4fte in Amsterdam f\u00fcr Besucher ge\u00f6ffnet sind! Sie k\u00f6nnen uns 7 Tage die Woche von 10:00 - 17:00 Uhr besuchen.<\/p>\n\n\t\t<\/div>\n\t\t\t\t\t<\/div>\n\n\t\n\n<\/div>\n<div class=\"row align-center\"  id=\"row-1740053248\">\n\n\n\t<div id=\"col-553574795\" class=\"col medium-4 small-12 large-4\"  data-animate=\"fadeInRight\">\n\t\t\t\t<div class=\"col-inner box-shadow-2 box-shadow-4-hover\"  >\n\t\t\t\n\t\t\t\n\n\t<div class=\"img has-hover x md-x lg-x y md-y lg-y\" id=\"image_906502168\">\n\t\t\t\t\t\t\t\t<div class=\"img-inner dark\" >\n\t\t\t<img loading=\"lazy\" decoding=\"async\" width=\"400\" height=\"275\" src=\"https:\/\/www.headshop.nl\/wp-content\/uploads\/2018\/04\/Headshop-Amsterdam.jpg\" class=\"attachment-original size-original\" alt=\"\" srcset=\"https:\/\/www.headshop.nl\/wp-content\/uploads\/2018\/04\/Headshop-Amsterdam.jpg 400w, https:\/\/www.headshop.nl\/wp-content\/uploads\/2018\/04\/Headshop-Amsterdam-64x44.jpg 64w\" sizes=\"auto, (max-width: 400px) 100vw, 400px\">\t\t\t\t\t\t\n\t\t\t\t\t<\/div>\n\t\t\t\t\t\t\t\t\n<style>\n#image_906502168 {\n  width: 100%;\n}\n<\/style>\n\t<\/div>\n\t\n\n<p><strong>The Headshop<\/strong><br \/>Kloveniersburgwal 39<br \/>1011 JW Amsterdam<br \/>Die Niederlande<\/p>\n<p><strong>Ge\u00f6ffnet von 10.00 - 17.00 Uhr<br \/>In der N\u00e4he des Dam-Platzes<\/strong><\/p>\n<p style=\"text-align: center;\"><span style=\"text-decoration: underline;\"><a href=\"https:\/\/goo.gl\/maps\/MvLf9tsGR91ED61Y7\" target=\"\u201d_blank\u201d\" rel=\"noopener\">Anfahrtsbeschreibung<\/a><\/span><\/p>\n\n\t\t<\/div>\n\t\t\t\t\t<\/div>\n\n\t\n\n\t<div id=\"col-1904157732\" class=\"col medium-4 small-12 large-4\"  data-animate=\"fadeInRight\">\n\t\t\t\t<div class=\"col-inner box-shadow-2 box-shadow-4-hover\"  >\n\t\t\t\n\t\t\t\n\n\t<div class=\"img has-hover x md-x lg-x y md-y lg-y\" id=\"image_1805587862\">\n\t\t\t\t\t\t\t\t<div class=\"img-inner dark\" >\n\t\t\t<img loading=\"lazy\" decoding=\"async\" width=\"400\" height=\"275\" src=\"https:\/\/www.headshop.nl\/wp-content\/uploads\/2018\/04\/Tatanka-Amsterdam-Shop.jpg\" class=\"attachment-original size-original\" alt=\"\" srcset=\"https:\/\/www.headshop.nl\/wp-content\/uploads\/2018\/04\/Tatanka-Amsterdam-Shop.jpg 400w, https:\/\/www.headshop.nl\/wp-content\/uploads\/2018\/04\/Tatanka-Amsterdam-Shop-64x44.jpg 64w\" sizes=\"auto, (max-width: 400px) 100vw, 400px\">\t\t\t\t\t\t\n\t\t\t\t\t<\/div>\n\t\t\t\t\t\t\t\t\n<style>\n#image_1805587862 {\n  width: 100%;\n}\n<\/style>\n\t<\/div>\n\t\n\n<p><strong>Tatanka<\/strong><br \/>Korte Leidsedwarsstraat 151a<br \/>1017 PZ Amsterdam<br \/>Die Niederlande<\/p>\n<p><strong>Ge\u00f6ffnet von 10.00 - 17.00 Uhr<br \/>In der N\u00e4he des Leidseplein<\/strong><\/p>\n<p style=\"text-align: center;\"><span style=\"text-decoration: underline;\"><a href=\"https:\/\/goo.gl\/maps\/2xgdPgpf9hXHxgTj8\" target=\"\u201d_blank\u201d\" rel=\"noopener\">Anfahrtsbeschreibung<\/a><\/span><\/p>\n\n\t\t<\/div>\n\t\t\t\t\t<\/div>\n\n\t\n\n\t<div id=\"col-1535759584\" class=\"col medium-4 small-12 large-4\"  data-animate=\"fadeInRight\">\n\t\t\t\t<div class=\"col-inner text-left box-shadow-2 box-shadow-4-hover\"  >\n\t\t\t\n\t\t\t\n\n\t<div class=\"img has-hover x md-x lg-x y md-y lg-y\" id=\"image_1373718042\">\n\t\t\t\t\t\t\t\t<div class=\"img-inner dark\" >\n\t\t\t<img loading=\"lazy\" decoding=\"async\" width=\"400\" height=\"275\" src=\"https:\/\/www.headshop.nl\/wp-content\/uploads\/2018\/04\/Tatanka-Halve-Maan-Shop.jpg\" class=\"attachment-original size-original\" alt=\"\" srcset=\"https:\/\/www.headshop.nl\/wp-content\/uploads\/2018\/04\/Tatanka-Halve-Maan-Shop.jpg 400w, https:\/\/www.headshop.nl\/wp-content\/uploads\/2018\/04\/Tatanka-Halve-Maan-Shop-64x44.jpg 64w\" sizes=\"auto, (max-width: 400px) 100vw, 400px\">\t\t\t\t\t\t\n\t\t\t\t\t<\/div>\n\t\t\t\t\t\t\t\t\n<style>\n#image_1373718042 {\n  width: 100%;\n}\n<\/style>\n\t<\/div>\n\t\n\n<p><strong>Tatanka<\/strong><br \/>Halvemaansteeg 12<br \/>1017 CR Amsterdam<br \/>Die Niederlande<\/p>\n<p><strong>Ge\u00f6ffnet von 10.00 - 17.00 Uhr<br \/>In der N\u00e4he von Rembrandtplein<\/strong><\/p>\n<p style=\"text-align: center;\"><span style=\"text-decoration: underline;\"><a href=\"https:\/\/goo.gl\/maps\/MePDMapxMegeAmLGA\" target=\"\u201d_blank\u201d\" rel=\"noopener\">Anfahrtsbeschreibung<\/a><\/span><\/p>\n\n\t\t<\/div>\n\t\t\t\t\t<\/div>\n\n\t\n\n\n<style>\n#row-1740053248 > .col > .col-inner {\n  padding: 20px 20px 20px 20px;\n}\n<\/style>\n<\/div>\n\t<div id=\"gap-734993870\" class=\"gap-element clearfix\" style=\"display:block; height:auto;\">\n\t\t\n<style>\n#gap-734993870 {\n  padding-top: 30px;\n}\n<\/style>\n\t<\/div>\n\t\n\n\n\t<section class=\"section dark\" id=\"section_1245493019\">\n\t\t<div class=\"section-bg fill\" >\n\t\t\t\t\t\t\t\t\t\n\t\t\t\n\n\t\t<\/div>\n\n\t\t\n\n\t\t<div class=\"section-content relative\">\n\t\t\t\n\n<div class=\"row align-middle\"  id=\"row-1847804454\">\n\n\n\t<div id=\"col-1230610902\" class=\"col medium-8 small-12 large-8\"  >\n\t\t\t\t<div class=\"col-inner\"  >\n\t\t\t\n\t\t\t\n\n<span class=\"scroll-to\" data-label=\"Scroll to: #nightshopping\" data-bullet=\"true\" data-link=\"#nightshopping\" data-title=\"Change this\"><a name=\"nightshopping\"><\/a><\/span>\n\n<div class=\"container section-title-container\" ><h2 class=\"section-title section-title-normal\"><b aria-hidden=\"true\"><\/b><span class=\"section-title-main\" style=\"font-size:140%;\">Nacht \ud83c\udf19 (17:00 - 22:00)<\/span><b aria-hidden=\"true\"><\/b><\/h2><\/div>\n\n<h2>Whatsapp-Lieferung (nur Amsterdam)<\/h2>\n<p>F\u00fcr alle Kunden in Amsterdam haben wir einen Whatsapp-Lieferservice von 17:00 bis 22:00 Uhr eingerichtet.<\/p>\n<p>Auf diese Weise k\u00f6nnen wir auch dann noch den bestm\u00f6glichen Service bieten, wenn die \u00d6ffnungszeiten unserer L\u00e4den aufgrund der st\u00e4dtischen Vorschriften eingeschr\u00e4nkt sind.<\/p>\n<p>Kontaktieren Sie unser Team \u00fcber Whatsapp, um sofort eine Bestellung oder einen Termin zu vereinbaren. Sie helfen Ihnen auch gerne bei allen W\u00fcnschen und Fragen.&nbsp;<\/p>\n<p>Unser Whatsapp-Lieferservice ist nur f\u00fcr unsere Gesch\u00e4fte in Amsterdam verf\u00fcgbar. Brauchen Sie Ihre Produkte irgendwo anders? Keine Sorge, Sie k\u00f6nnen Ihre Bestellung immer noch in unserem regul\u00e4ren Webshop aufgeben!<\/p>\n\n<a href=\"https:\/\/www.headshop.nl\/de\/whatsapp\/\" class=\"button success box-shadow-2 box-shadow-4-hover\">\n\t\t<span>Kontakt (Whatsapp)<\/span>\n\t<\/a>\n\n\n\t<div id=\"text-2758032424\" class=\"text\">\n\t\t\n\n*Preise online und offline k\u00f6nnen aufgrund verschiedener Kosten variieren\n\t\t\n<style>\n#text-2758032424 {\n  font-size: 0.75rem;\n}\n<\/style>\n\t<\/div>\n\t\n\n\t\t<\/div>\n\t\t\t\t\t<\/div>\n\n\t\n\n\t<div id=\"col-2127658323\" class=\"col hide-for-small medium-4 small-12 large-4 small-col-first\"  >\n\t\t\t\t<div class=\"col-inner text-center\"  >\n\t\t\t\n\t\t\t\n\n\t<div id=\"gap-1832692221\" class=\"gap-element clearfix\" style=\"display:block; height:auto;\">\n\t\t\n<style>\n#gap-1832692221 {\n  padding-top: 10px;\n}\n<\/style>\n\t<\/div>\n\t\n\n\t<div class=\"img has-hover x md-x lg-x y md-y lg-y\" id=\"image_1882140818\">\n\t\t<a class=\"image-lightbox lightbox-gallery\" title=\"\" href=\"https:\/\/www.headshop.nl\/wp-content\/uploads\/2022\/01\/Whatsapp-Logo-wit.png\">\t\t\t\t\t\t<div class=\"img-inner dark\" >\n\t\t\t<img loading=\"lazy\" decoding=\"async\" width=\"500\" height=\"500\" src=\"https:\/\/www.headshop.nl\/wp-content\/uploads\/2022\/01\/Whatsapp-Logo-wit.png\" class=\"attachment-original size-original\" alt=\"Whatsapp Logo mit\" srcset=\"https:\/\/www.headshop.nl\/wp-content\/uploads\/2022\/01\/Whatsapp-Logo-wit.png 500w, https:\/\/www.headshop.nl\/wp-content\/uploads\/2022\/01\/Whatsapp-Logo-wit-380x380.png 380w, https:\/\/www.headshop.nl\/wp-content\/uploads\/2022\/01\/Whatsapp-Logo-wit-420x420.png 420w, https:\/\/www.headshop.nl\/wp-content\/uploads\/2022\/01\/Whatsapp-Logo-wit-100x100.png 100w, https:\/\/www.headshop.nl\/wp-content\/uploads\/2022\/01\/Whatsapp-Logo-wit-64x64.png 64w\" sizes=\"auto, (max-width: 500px) 100vw, 500px\" \/>\t\t\t\t\t\t\n\t\t\t\t\t<\/div>\n\t\t\t\t\t\t<\/a>\t\t\n<style>\n#image_1882140818 {\n  width: 20%;\n}\n@media (min-width:550px) {\n  #image_1882140818 {\n    width: 72%;\n  }\n}\n<\/style>\n\t<\/div>\n\t\n\n<h3>Rufnummer: <br \/><a href=\"https:\/\/www.headshop.nl\/de\/whatsapp\/\">+31 6 86208770<\/a><\/h3>\n\n\t\t<\/div>\n\t\t\t\t\t<\/div>\n\n\t\n\n<\/div>\n\n\t\t<\/div>\n\n\t\t\n<style>\n#section_1245493019 {\n  padding-top: 30px;\n  padding-bottom: 30px;\n  background-color: rgb(40, 40, 40);\n}\n<\/style>\n\t<\/section>\n\t\n\n\t<section class=\"section\" id=\"section_879129084\">\n\t\t<div class=\"section-bg fill\" >\n\t\t\t\t\t\t\t\t\t\n\t\t\t\n\t<div class=\"is-border\"\n\t\tstyle=\"border-width:0px 0px 0px 0px;\">\n\t<\/div>\n\n\t\t<\/div>\n\n\t\t\n\n\t\t<div class=\"section-content relative\">\n\t\t\t\n\n<div class=\"row row-large align-middle\"  id=\"row-1881496081\">\n\n\n\t<div id=\"col-356657091\" class=\"col medium-6 small-12 large-6\"  >\n\t\t\t\t<div class=\"col-inner text-left\"  >\n\t\t\t\n\t\t\t\n\n<h3 data-animated=\"true\" data-animate=\"fadeInLeft\">Nicht in Amsterdam? Bestellen Sie Ihre Lieblingsprodukte online!<\/h3>\n<p data-animated=\"true\" data-animate=\"fadeInLeft\">Sie sind nicht in der N\u00e4he? Keine Sorge, wir haben alles f\u00fcr Sie. Obwohl Sie unseren Whatsapp-Service nicht nutzen k\u00f6nnen, haben Sie die M\u00f6glichkeit, unsere Produkte in unserem regul\u00e4ren Webshop zu bestellen. Auf diese Weise k\u00f6nnen Sie unsere gro\u00dfartigen Produkte von fast \u00fcberall in Europa genie\u00dfen.<\/p>\n<a href=\"\/de\/\" class=\"button primary box-shadow-2 box-shadow-4-hover\" >\n\t\t<span>Jetzt einkaufen<\/span>\n\t<\/a>\n\n\n\n\t\t<\/div>\n\t\t\t\t\t<\/div>\n\n\t\n\n\t<div id=\"col-1910455855\" class=\"col medium-6 small-12 large-6 small-col-first\"  >\n\t\t\t\t<div class=\"col-inner\"  >\n\t\t\t\n\t\t\t\n\n\t<div class=\"img has-hover x md-x lg-x y md-y lg-y\" id=\"image_1130367143\">\n\t\t\t\t\t\t\t\t<div class=\"img-inner dark\" >\n\t\t\t<img loading=\"lazy\" decoding=\"async\" width=\"600\" height=\"400\" src=\"https:\/\/www.headshop.nl\/wp-content\/uploads\/2018\/05\/Discreet-Shipping-Tatanka.jpg\" class=\"attachment-original size-original\" alt=\"\" srcset=\"https:\/\/www.headshop.nl\/wp-content\/uploads\/2018\/05\/Discreet-Shipping-Tatanka.jpg 600w, https:\/\/www.headshop.nl\/wp-content\/uploads\/2018\/05\/Discreet-Shipping-Tatanka-420x280.jpg 420w, https:\/\/www.headshop.nl\/wp-content\/uploads\/2018\/05\/Discreet-Shipping-Tatanka-64x43.jpg 64w\" sizes=\"auto, (max-width: 600px) 100vw, 600px\">\t\t\t\t\t\t\n\t\t\t\t\t<\/div>\n\t\t\t\t\t\t\t\t\n<style>\n#image_1130367143 {\n  width: 100%;\n}\n<\/style>\n\t<\/div>\n\t\n\n\t<div id=\"gap-1327237163\" class=\"gap-element clearfix\" style=\"display:block; height:auto;\">\n\t\t\n<style>\n#gap-1327237163 {\n  padding-top: 10px;\n}\n<\/style>\n\t<\/div>\n\t\n\n\n\t\t<\/div>\n\t\t\t\t\t<\/div>\n\n\t\n\n<\/div>\n\n\t\t<\/div>\n\n\t\t\n<style>\n#section_879129084 {\n  padding-top: 60px;\n  padding-bottom: 60px;\n}\n<\/style>\n\t<\/section>","protected":false},"excerpt":{"rendered":"","protected":false},"author":807,"featured_media":0,"parent":0,"menu_order":0,"comment_status":"closed","ping_status":"closed","template":"page-blank.php","meta":{"footnotes":""},"class_list":["post-40797","page","type-page","status-publish","hentry"],"_links":{"self":[{"href":"https:\/\/www.headshop.nl\/de\/wp-json\/wp\/v2\/pages\/40797","targetHints":{"allow":["GET"]}}],"collection":[{"href":"https:\/\/www.headshop.nl\/de\/wp-json\/wp\/v2\/pages"}],"about":[{"href":"https:\/\/www.headshop.nl\/de\/wp-json\/wp\/v2\/types\/page"}],"author":[{"embeddable":true,"href":"https:\/\/www.headshop.nl\/de\/wp-json\/wp\/v2\/users\/807"}],"replies":[{"embeddable":true,"href":"https:\/\/www.headshop.nl\/de\/wp-json\/wp\/v2\/comments?post=40797"}],"version-history":[{"count":0,"href":"https:\/\/www.headshop.nl\/de\/wp-json\/wp\/v2\/pages\/40797\/revisions"}],"wp:attachment":[{"href":"https:\/\/www.headshop.nl\/de\/wp-json\/wp\/v2\/media?parent=40797"}],"curies":[{"name":"wp","href":"https:\/\/api.w.org\/{rel}","templated":true}]}}