{"id":40560,"date":"2022-01-05T10:51:23","date_gmt":"2022-01-05T10:51:23","guid":{"rendered":"https:\/\/www.headshop.nl\/growkit-instructies\/"},"modified":"2023-08-22T09:40:57","modified_gmt":"2023-08-22T09:40:57","slug":"growkit-instructions","status":"publish","type":"page","link":"https:\/\/www.headshop.nl\/de\/growkit-instructions\/","title":{"rendered":"Grow Kit Anweisungen"},"content":{"rendered":"<div class=\"container section-title-container\" ><h1 class=\"section-title section-title-normal\"><b aria-hidden=\"true\"><\/b><span class=\"section-title-main\" >Grow Kit Anweisungen<\/span><b aria-hidden=\"true\"><\/b><\/h1><\/div>\n\n<p>Willkommen auf der Grow Kit Anleitungsseite von The Headshop. Im Folgenden finden Sie die neuesten Grow Kit Anweisungen. Bitte befolgen Sie diese sorgf\u00e4ltig. Jeder Schritt ist wichtig und hat Auswirkungen auf die Ergebnisse Ihrer <span style=\"text-decoration: underline;\"><a href=\"https:\/\/www.headshop.nl\/de\/shroomshop\/magic-mushroom-grow-kits\/\">Pilzanbau-Kit<\/a><\/span>. Bitte beachten Sie: Unten finden Sie unsere Growkit-Anleitung. Es gibt zwei verschiedene Sorten.<\/p>\n<div class=\"row\"  id=\"row-340250247\">\n\n\n\t<div id=\"col-318037096\" class=\"col medium-6 small-12 large-6\"  >\n\t\t\t\t<div class=\"col-inner\"  >\n\t\t\t\n\t\t\t\n\n<h3><strong>Allgemeine Anweisungen f\u00fcr Growkits<\/strong><\/h3>\n<p>Diese Anweisungen gelten f\u00fcr alle Growkits&nbsp;<strong>au\u00dfer<\/strong> die Hawaiian Copelandia Cyanescens.<\/p>\n<a href=\"#growkit1\" class=\"button primary\" >\n\t\t<span>Klicken Sie hier<\/span>\n\t<\/a>\n\n\n\n\t\t<\/div>\n\t\t\t\t\t<\/div>\n\n\t\n\n\t<div id=\"col-306706748\" class=\"col medium-6 small-12 large-6\"  >\n\t\t\t\t<div class=\"col-inner\"  >\n\t\t\t\n\t\t\t\n\n<h3><b>Hawaiian Copelandia Cyanesens Anweisungen<\/b><\/h3>\n<p>Diese gelten nur f\u00fcr das Hawaiian Copelandia Grow Kit und erfordern besondere Aufmerksamkeit.<\/p>\n<a href=\"#growkit2\" class=\"button primary\" >\n\t\t<span>Klicken Sie hier<\/span>\n\t<\/a>\n\n\n\n\t\t<\/div>\n\t\t\t\t\t<\/div>\n\n\t\n\n<\/div>\n<p>Das Befolgen der genauen Anweisungen und die gute Pflege Deines Magic Mushroom Growing Kits ist das Wichtigste beim Z\u00fcchten Deiner eigenen Magic Mushrooms. Kurz gesagt: Sei steril, verwende sauberes Wasser und befolge die Anweisungen, die Du unten findest... Pilze sind Teil der Natur und wachsen daher alle unterschiedlich. Egal wie oft Du ein Grow-Kit aufgebaut hast, jedes Mal kann es anders sein. Halten Sie sich immer genau an die Anweisungen. Auf diese Weise k\u00f6nnen Sie auch die gr\u00f6\u00dfte Ernte erzielen. Viel Spa\u00df beim Pilzanbau!<\/p>\n\t<div id=\"gap-1784064315\" class=\"gap-element clearfix\" style=\"display:block; height:auto;\">\n\t\t\n<style>\n#gap-1784064315 {\n  padding-top: 30px;\n}\n<\/style>\n\t<\/div>\n\t\n\n<span class=\"scroll-to\" data-label=\"Scroll to: #growkit1\" data-bullet=\"true\" data-link=\"#growkit1\" data-title=\"General grow kit instructions\"><a name=\"growkit1\"><\/a><\/span>\n\n<div class=\"container section-title-container\" ><h2 class=\"section-title section-title-normal\"><b aria-hidden=\"true\"><\/b><span class=\"section-title-main\" >Allgemeine Anweisungen f\u00fcr Growkits<\/span><b aria-hidden=\"true\"><\/b><\/h2><\/div>\n\n\n  \n    <div class=\"row  lightbox-multi-gallery large-columns-2 medium-columns- small-columns-\" >\n  <div class=\"gallery-col col\" >\n          <div class=\"col-inner\">\n            <a class=\"\" href=\"https:\/\/www.headshop.nl\/wp-content\/uploads\/2023\/08\/GrowKit-instructies-ENG_STAP-4-tm-7-564x800.jpg\" title=\"Magic mushrrom paddo grow kit anleitung vor dem Headshop Amsterdam\">            <div class=\"box has-hover gallery-box box-none\">\n              <div class=\"box-image\" >\n                <img loading=\"lazy\" decoding=\"async\" width=\"423\" height=\"600\" src=\"https:\/\/www.headshop.nl\/wp-content\/uploads\/2023\/08\/GrowKit-instructies-ENG_STAP-4-tm-7-423x600.jpg\" class=\"attachment-medium size-medium\" alt=\"Magic mushrrom paddo grow kit anleitung vor dem Headshop Amsterdam\" ids=\"75413,75415\" style=\"none\" columns=\"2\" srcset=\"https:\/\/www.headshop.nl\/wp-content\/uploads\/2023\/08\/GrowKit-instructies-ENG_STAP-4-tm-7-423x600.jpg 423w, https:\/\/www.headshop.nl\/wp-content\/uploads\/2023\/08\/GrowKit-instructies-ENG_STAP-4-tm-7-564x800.jpg 564w, https:\/\/www.headshop.nl\/wp-content\/uploads\/2023\/08\/GrowKit-instructies-ENG_STAP-4-tm-7-268x380.jpg 268w, https:\/\/www.headshop.nl\/wp-content\/uploads\/2023\/08\/GrowKit-instructies-ENG_STAP-4-tm-7-768x1090.jpg 768w, https:\/\/www.headshop.nl\/wp-content\/uploads\/2023\/08\/GrowKit-instructies-ENG_STAP-4-tm-7-420x596.jpg 420w, https:\/\/www.headshop.nl\/wp-content\/uploads\/2023\/08\/GrowKit-instructies-ENG_STAP-4-tm-7-64x91.jpg 64w, https:\/\/www.headshop.nl\/wp-content\/uploads\/2023\/08\/GrowKit-instructies-ENG_STAP-4-tm-7.jpg 874w\" sizes=\"auto, (max-width: 423px) 100vw, 423px\" \/>                                                              <\/div>\n              <div class=\"box-text text-left\" >\n                 <p>Magic mushrrom paddo grow kit anleitung vor dem Headshop Amsterdam<\/p>\n              <\/div>\n            <\/div>\n            <\/a>          <\/div>\n         <\/div><div class=\"gallery-col col\" >\n          <div class=\"col-inner\">\n            <a class=\"\" href=\"https:\/\/www.headshop.nl\/wp-content\/uploads\/2023\/08\/GrowKit-instructies-ENG_STAP-4-tm-72-564x800.jpg\" title=\"Magic mushrrom paddo grow kit Anweisungen zur\u00fcck die Headshop Amsterdam\">            <div class=\"box has-hover gallery-box box-none\">\n              <div class=\"box-image\" >\n                <img loading=\"lazy\" decoding=\"async\" width=\"423\" height=\"600\" src=\"https:\/\/www.headshop.nl\/wp-content\/uploads\/2023\/08\/GrowKit-instructies-ENG_STAP-4-tm-72-423x600.jpg\" class=\"attachment-medium size-medium\" alt=\"Magic mushrrom paddo grow kit Anweisungen zur\u00fcck die Headshop Amsterdam\" ids=\"75413,75415\" style=\"none\" columns=\"2\" srcset=\"https:\/\/www.headshop.nl\/wp-content\/uploads\/2023\/08\/GrowKit-instructies-ENG_STAP-4-tm-72-423x600.jpg 423w, https:\/\/www.headshop.nl\/wp-content\/uploads\/2023\/08\/GrowKit-instructies-ENG_STAP-4-tm-72-564x800.jpg 564w, https:\/\/www.headshop.nl\/wp-content\/uploads\/2023\/08\/GrowKit-instructies-ENG_STAP-4-tm-72-268x380.jpg 268w, https:\/\/www.headshop.nl\/wp-content\/uploads\/2023\/08\/GrowKit-instructies-ENG_STAP-4-tm-72-768x1090.jpg 768w, https:\/\/www.headshop.nl\/wp-content\/uploads\/2023\/08\/GrowKit-instructies-ENG_STAP-4-tm-72-420x596.jpg 420w, https:\/\/www.headshop.nl\/wp-content\/uploads\/2023\/08\/GrowKit-instructies-ENG_STAP-4-tm-72-64x91.jpg 64w, https:\/\/www.headshop.nl\/wp-content\/uploads\/2023\/08\/GrowKit-instructies-ENG_STAP-4-tm-72.jpg 874w\" sizes=\"auto, (max-width: 423px) 100vw, 423px\" \/>                                                              <\/div>\n              <div class=\"box-text text-left\" >\n                 <p>Magic mushrrom paddo grow kit Anweisungen zur\u00fcck die Headshop Amsterdam<\/p>\n              <\/div>\n            <\/div>\n            <\/a>          <\/div>\n         <\/div><\/div>\n\n<div class=\"row\"  id=\"row-294153238\">\n\n\n\t<div id=\"col-1936462331\" class=\"col medium-6 small-12 large-6\"  >\n\t\t\t\t<div class=\"col-inner\"  >\n\t\t\t\n\t\t\t\n\n<p><strong>Schritt 1<\/strong><\/p>\n<p>Waschen Sie Ihre H\u00e4nde gr\u00fcndlich und reinigen Sie die Au\u00dfenseite des Growkits mit einem trockenen Tuch. Entfernen Sie den Deckel und bewahren Sie ihn f\u00fcr Schritt 2 auf.<\/p>\n<p><strong>Schritt 2<\/strong><\/p>\n<p>F\u00fcllen Sie das Growkit bis zum Rand mit lauwarmem Wasser (20\u00b0C), setzen Sie den Deckel wieder auf das Growkit und lassen Sie es 5 Minuten lang einweichen. Wichtig: Lassen Sie das Growkit nie l\u00e4nger als 1 Stunde einweichen.<\/p>\n<p><strong>Schritt 3<\/strong><\/p>\n<p>Nehmen Sie den Deckel vom Growkit ab und lassen Sie das Wasser gut ablaufen. Lassen Sie das Growkit f\u00fcr 10 Sekunden abtropfen.<\/p>\n<p><strong>Schritt 4<\/strong><\/p>\n<p>Legen Sie das Growkit in den Growbag und f\u00fcllen Sie den Growbag mit einer Tasse (200-250ml) lauwarmem Wasser (20\u00b0C). Dann falten Sie den Deckel des Beutels und verschlie\u00dfen ihn mit 2 B\u00fcroklammern.<\/p>\n\n\t\t<\/div>\n\t\t\t\t\t<\/div>\n\n\t\n\n\t<div id=\"col-1498348744\" class=\"col medium-6 small-12 large-6\"  >\n\t\t\t\t<div class=\"col-inner\"  >\n\t\t\t\n\t\t\t\n\n<p><strong>Schritt 5<\/strong><\/p>\n<p>Stellen Sie das Growkit an einen Ort mit einer durchschnittlichen Raumtemperatur von 20-25\u00b0C. Achten Sie darauf, dass das Growkit nicht in direktem Sonnenlicht, nicht unter einer Lampe und nicht in der N\u00e4he eines Heizk\u00f6rpers\/W\u00e4rmequelle steht. Wichtig: Der Beutel muss geschlossen bleiben, bis sich die ersten Stecknadelk\u00f6pfe bilden. Bis dahin sollten der CO2-Gehalt und die Luftfeuchtigkeit im Beutel so hoch wie m\u00f6glich sein.<\/p>\n<p><strong>Schritt 6<\/strong><\/p>\n<p>Wenn die ersten Stecknadelk\u00f6pfe* zu sehen sind, lassen Sie t\u00e4glich etwas frische Luft in den Growbag (f\u00fcr einige Minuten) und befeuchten Sie das Growkit mit einer Spr\u00fchflasche. *Stecknadelk\u00f6pfe sind die ersten sichtbaren Formen der winzigen Pilzkappen. Es kann 10 bis 20 Tage dauern, bis die ersten Stecknadelk\u00f6pfe zu sehen sind.<\/p>\n<p><strong>Schritt 7<\/strong><\/p>\n<p>Die Pilze k\u00f6nnen geerntet werden, kurz bevor sich die Membranen an der Unterseite des Hutes \u00f6ffnen. Fassen Sie beim Ernten vorsichtig den Stiel an und drehen Sie ihn nach links\/rechts. Wenn sich der Pilz l\u00f6st, ziehen Sie ihn so vorsichtig wie m\u00f6glich heraus. <strong>Das ist wichtig:<\/strong> Der Pilz muss vollst\u00e4ndig entfernt werden, damit Platz f\u00fcr einen neuen Pilz ist.<\/p>\n<p><strong>Schritt 8<\/strong><\/p>\n<p><strong>Herzlichen Gl\u00fcckwunsch<\/strong>ist die Ernte abgeschlossen. Es ist nun m\u00f6glich, einen neuen Schwarm von Pilzen zu z\u00fcchten, indem Sie die Schritte 4 bis 7 wiederholen.<\/p>\n\n\t\t<\/div>\n\t\t\t\t\t<\/div>\n\n\t\n\n<\/div>\n<div class=\"row\"  id=\"row-368937416\">\n\n\n\t<div id=\"col-1385319127\" class=\"col medium-6 small-12 large-6\"  >\n\t\t\t\t<div class=\"col-inner text-left\"  >\n\t\t\t\n\t<div class=\"is-border\"\n\t\tstyle=\"border-color:rgb(0, 0, 0);border-width:1px 1px 1px 1;margin:0px -10px 0px -10px;\">\n\t<\/div>\n\t\t\t\n\n<div class=\"row\"  id=\"row-1640873555\">\n\n\n\t<div id=\"col-2024449485\" class=\"col small-12 large-12\"  >\n\t\t\t\t<div class=\"col-inner\"  >\n\t\t\t\n\t\t\t\n\n\t<div id=\"text-2152302753\" class=\"text\">\n\t\t\n\n<table>\n<tbody>\n<tr>\n<td style=\"width: 332.25px;\">\n<h3><strong>Tipp 1<\/strong><\/h3>\n<p>Achten Sie darauf, dass Ihr Growkit immer feucht ist. Es ist auch wichtig, dass das Growkit zwischen Schritt 5 und 6 nicht austrocknet. In diesem Fall k\u00f6nnen Sie den Beutel \u00f6ffnen und das Growkit erneut befeuchten.<\/p>\n<\/td>\n<td style=\"width: 204.75px;\"><img loading=\"lazy\" decoding=\"async\" class=\"alignnone wp-image-24750 size-full\" src=\"http:\/\/www.headshop.nl\/wp-content\/uploads\/2022\/05\/Stap-1.jpg\" alt=\"\" width=\"300\" height=\"300\"><\/td>\n<\/tr>\n<\/tbody>\n<\/table>\n\t\t\n<style>\n#text-2152302753 {\n  font-size: 1.15rem;\n}\n@media (min-width:550px) {\n  #text-2152302753 {\n    font-size: 1rem;\n  }\n}\n<\/style>\n\t<\/div>\n\t\n\n\t\t<\/div>\n\t\t\t\t\t<\/div>\n\n\t\n\n<\/div>\n\n\t\t<\/div>\n\t\t\t\t\n<style>\n#col-1385319127 > .col-inner {\n  padding: 0px 0px 0px 0px;\n  margin: 0px 0px 25px 0px;\n}\n<\/style>\n\t<\/div>\n\n\t\n\n\t<div id=\"col-1672426389\" class=\"col medium-6 small-12 large-6\"  >\n\t\t\t\t<div class=\"col-inner text-left\"  >\n\t\t\t\n\t<div class=\"is-border\"\n\t\tstyle=\"border-color:rgb(0, 0, 0);border-width:1px 1px 1px 1;margin:0px -10px 0px -10px;\">\n\t<\/div>\n\t\t\t\n\n<div class=\"row\"  id=\"row-778654075\">\n\n\n\t<div id=\"col-1582200326\" class=\"col small-12 large-12\"  >\n\t\t\t\t<div class=\"col-inner\"  >\n\t\t\t\n\t\t\t\n\n\t<div id=\"text-851067092\" class=\"text\">\n\t\t\n\n<table>\n<tbody>\n<tr>\n<td style=\"width: 332.25px;\">\n<h3><strong>Tipp 2<\/strong><\/h3>\n<p>Behandeln Sie Ihr Grow-Kit mit Sorgfalt, das erh\u00f6ht die Chance auf einen besseren Ertrag beim n\u00e4chsten Flush.<\/p>\n<\/td>\n<td style=\"width: 204.75px;\"><img loading=\"lazy\" decoding=\"async\" class=\"alignnone size-full wp-image-43156\" src=\"http:\/\/www.headshop.nl\/wp-content\/uploads\/2022\/05\/Stap-2.jpg\" alt=\"\" width=\"300\" height=\"300\" data-wp-editing=\"1\" srcset=\"https:\/\/www.headshop.nl\/wp-content\/uploads\/2022\/05\/Stap-2.jpg 300w, https:\/\/www.headshop.nl\/wp-content\/uploads\/2022\/05\/Stap-2-100x100.jpg 100w, https:\/\/www.headshop.nl\/wp-content\/uploads\/2022\/05\/Stap-2-64x64.jpg 64w\" sizes=\"auto, (max-width: 300px) 100vw, 300px\" \/><\/td>\n<\/tr>\n<\/tbody>\n<\/table>\n\t\t\n<style>\n#text-851067092 {\n  font-size: 1rem;\n}\n<\/style>\n\t<\/div>\n\t\n\n\t\t<\/div>\n\t\t\t\t\t<\/div>\n\n\t\n\n<\/div>\n\n\t\t<\/div>\n\t\t\t\t\n<style>\n#col-1672426389 > .col-inner {\n  padding: 0px 0px 0px 0px;\n  margin: 0px 0px 25px 0px;\n}\n<\/style>\n\t<\/div>\n\n\t\n\n\t<div id=\"col-1622075234\" class=\"col medium-6 small-12 large-6\"  >\n\t\t\t\t<div class=\"col-inner text-left\"  >\n\t\t\t\n\t<div class=\"is-border\"\n\t\tstyle=\"border-color:rgb(0, 0, 0);border-width:1px 1px 1px 1;margin:0px -10px 0px -10px;\">\n\t<\/div>\n\t\t\t\n\n<div class=\"row\"  id=\"row-2067876489\">\n\n\n\t<div id=\"col-1994459574\" class=\"col small-12 large-12\"  >\n\t\t\t\t<div class=\"col-inner\"  >\n\t\t\t\n\t\t\t\n\n\t<div id=\"text-3658980133\" class=\"text\">\n\t\t\n\n<table>\n<tbody>\n<tr>\n<td style=\"width: 332.25px;\">\n<h3><strong>Tipp 3<\/strong><\/h3>\n<p>Sind Sie unsicher, wann Sie Ihre Pilze sammeln sollen? Fr\u00fches Sammeln ist besser als zu sp\u00e4tes.<\/p>\n<\/td>\n<td style=\"width: 204.75px;\"><img loading=\"lazy\" decoding=\"async\" class=\"alignnone size-full wp-image-43158\" src=\"http:\/\/www.headshop.nl\/wp-content\/uploads\/2022\/05\/Stap-3.jpg\" alt=\"\" width=\"300\" height=\"300\" srcset=\"https:\/\/www.headshop.nl\/wp-content\/uploads\/2022\/05\/Stap-3.jpg 300w, https:\/\/www.headshop.nl\/wp-content\/uploads\/2022\/05\/Stap-3-100x100.jpg 100w, https:\/\/www.headshop.nl\/wp-content\/uploads\/2022\/05\/Stap-3-64x64.jpg 64w\" sizes=\"auto, (max-width: 300px) 100vw, 300px\" \/><\/td>\n<\/tr>\n<\/tbody>\n<\/table>\n\t\t\n<style>\n#text-3658980133 {\n  font-size: 1rem;\n}\n<\/style>\n\t<\/div>\n\t\n\n\t\t<\/div>\n\t\t\t\t\t<\/div>\n\n\t\n\n<\/div>\n\n\t\t<\/div>\n\t\t\t\t\n<style>\n#col-1622075234 > .col-inner {\n  padding: 0px 0px 0px 0px;\n  margin: 0px 0px 25px 0px;\n}\n<\/style>\n\t<\/div>\n\n\t\n\n\t<div id=\"col-1785142268\" class=\"col medium-6 small-12 large-6\"  >\n\t\t\t\t<div class=\"col-inner text-left\"  >\n\t\t\t\n\t<div class=\"is-border\"\n\t\tstyle=\"border-color:rgb(0, 0, 0);border-width:1px 1px 1px 1;margin:0px -10px 0px -10px;\">\n\t<\/div>\n\t\t\t\n\n<div class=\"row\"  id=\"row-1409291167\">\n\n\n\t<div id=\"col-1867374510\" class=\"col small-12 large-12\"  >\n\t\t\t\t<div class=\"col-inner\"  >\n\t\t\t\n\t\t\t\n\n\t<div id=\"text-1557909359\" class=\"text\">\n\t\t\n\n<table>\n<tbody>\n<tr>\n<td style=\"width: 332.25px;\">\n<h3><strong>Tipp 4<\/strong><\/h3>\n<p>Eine niedrige Temperatur kann dazu f\u00fchren, dass ein Growkit nicht funktioniert. Achten Sie darauf, dass die Temperatur nie unter 20 Grad f\u00e4llt. Achten Sie darauf und senken Sie die Temperatur nicht in der Nacht.<\/p>\n<\/td>\n<td style=\"width: 204.75px;\"><img loading=\"lazy\" decoding=\"async\" class=\"alignnone size-full wp-image-43160\" src=\"http:\/\/www.headshop.nl\/wp-content\/uploads\/2022\/05\/Stap-4.jpg\" alt=\"\" width=\"300\" height=\"300\" srcset=\"https:\/\/www.headshop.nl\/wp-content\/uploads\/2022\/05\/Stap-4.jpg 300w, https:\/\/www.headshop.nl\/wp-content\/uploads\/2022\/05\/Stap-4-100x100.jpg 100w, https:\/\/www.headshop.nl\/wp-content\/uploads\/2022\/05\/Stap-4-64x64.jpg 64w\" sizes=\"auto, (max-width: 300px) 100vw, 300px\" \/><\/td>\n<\/tr>\n<\/tbody>\n<\/table>\n\t\t\n<style>\n#text-1557909359 {\n  font-size: 1rem;\n}\n<\/style>\n\t<\/div>\n\t\n\n\t\t<\/div>\n\t\t\t\t\t<\/div>\n\n\t\n\n<\/div>\n\n\t\t<\/div>\n\t\t\t\t\n<style>\n#col-1785142268 > .col-inner {\n  padding: 0px 0px 0px 0px;\n  margin: 0px 0px 25px 0px;\n}\n<\/style>\n\t<\/div>\n\n\t\n\n<\/div>\n<span class=\"scroll-to\" data-label=\"Scroll to: #growkit2\" data-bullet=\"true\" data-link=\"#growkit2\" data-title=\"Hawaiian Copelandia Cyanesens instructions\"><a name=\"growkit2\"><\/a><\/span>\n\n<div class=\"container section-title-container\" ><h2 class=\"section-title section-title-normal\"><b aria-hidden=\"true\"><\/b><span class=\"section-title-main\" >Hawaiian Copelandia Cyanesens Anweisungen<\/span><b aria-hidden=\"true\"><\/b><\/h2><\/div>\n\n<p>Nachfolgend finden Sie die Anleitung f\u00fcr das Hawaiian Copelandia Growkit. Dieses Growkit braucht besondere Aufmerksamkeit, lesen Sie die Anweisungen sorgf\u00e4ltig.<\/p>\n\n  \n    <div class=\"row  lightbox-multi-gallery large-columns-2 medium-columns- small-columns-\" >\n  <div class=\"gallery-col col\" >\n          <div class=\"col-inner\">\n            <a class=\"\" href=\"https:\/\/www.headshop.nl\/wp-content\/uploads\/2022\/08\/Hawaiian-GrowKit-instructies-ENG-Front-564x800.jpg\" title=\"\">            <div class=\"box has-hover gallery-box box-none\">\n              <div class=\"box-image\" >\n                <img loading=\"lazy\" decoding=\"async\" width=\"423\" height=\"600\" src=\"https:\/\/www.headshop.nl\/wp-content\/uploads\/2022\/08\/Hawaiian-GrowKit-instructies-ENG-Front-423x600.jpg\" class=\"attachment-medium size-medium\" alt=\"Hawaiian-GrowKit Anleitungen-ENG-Front\" ids=\"47067,47065\" style=\"none\" columns=\"2\" srcset=\"https:\/\/www.headshop.nl\/wp-content\/uploads\/2022\/08\/Hawaiian-GrowKit-instructies-ENG-Front-423x600.jpg 423w, https:\/\/www.headshop.nl\/wp-content\/uploads\/2022\/08\/Hawaiian-GrowKit-instructies-ENG-Front-564x800.jpg 564w, https:\/\/www.headshop.nl\/wp-content\/uploads\/2022\/08\/Hawaiian-GrowKit-instructies-ENG-Front-268x380.jpg 268w, https:\/\/www.headshop.nl\/wp-content\/uploads\/2022\/08\/Hawaiian-GrowKit-instructies-ENG-Front-768x1090.jpg 768w, https:\/\/www.headshop.nl\/wp-content\/uploads\/2022\/08\/Hawaiian-GrowKit-instructies-ENG-Front-420x596.jpg 420w, https:\/\/www.headshop.nl\/wp-content\/uploads\/2022\/08\/Hawaiian-GrowKit-instructies-ENG-Front-64x91.jpg 64w, https:\/\/www.headshop.nl\/wp-content\/uploads\/2022\/08\/Hawaiian-GrowKit-instructies-ENG-Front.jpg 874w\" sizes=\"auto, (max-width: 423px) 100vw, 423px\" \/>                                                              <\/div>\n              <div class=\"box-text text-left\" >\n                 <p><\/p>\n              <\/div>\n            <\/div>\n            <\/a>          <\/div>\n         <\/div><div class=\"gallery-col col\" >\n          <div class=\"col-inner\">\n            <a class=\"\" href=\"https:\/\/www.headshop.nl\/wp-content\/uploads\/2022\/08\/Hawaiian-GrowKit-instructies-ENG-Back-564x800.jpg\" title=\"\">            <div class=\"box has-hover gallery-box box-none\">\n              <div class=\"box-image\" >\n                <img loading=\"lazy\" decoding=\"async\" width=\"423\" height=\"600\" src=\"https:\/\/www.headshop.nl\/wp-content\/uploads\/2022\/08\/Hawaiian-GrowKit-instructies-ENG-Back-423x600.jpg\" class=\"attachment-medium size-medium\" alt=\"Hawaiian-GrowKit Anleitungen-ENG-Back\" ids=\"47067,47065\" style=\"none\" columns=\"2\" srcset=\"https:\/\/www.headshop.nl\/wp-content\/uploads\/2022\/08\/Hawaiian-GrowKit-instructies-ENG-Back-423x600.jpg 423w, https:\/\/www.headshop.nl\/wp-content\/uploads\/2022\/08\/Hawaiian-GrowKit-instructies-ENG-Back-564x800.jpg 564w, https:\/\/www.headshop.nl\/wp-content\/uploads\/2022\/08\/Hawaiian-GrowKit-instructies-ENG-Back-268x380.jpg 268w, https:\/\/www.headshop.nl\/wp-content\/uploads\/2022\/08\/Hawaiian-GrowKit-instructies-ENG-Back-768x1090.jpg 768w, https:\/\/www.headshop.nl\/wp-content\/uploads\/2022\/08\/Hawaiian-GrowKit-instructies-ENG-Back-420x596.jpg 420w, https:\/\/www.headshop.nl\/wp-content\/uploads\/2022\/08\/Hawaiian-GrowKit-instructies-ENG-Back-64x91.jpg 64w, https:\/\/www.headshop.nl\/wp-content\/uploads\/2022\/08\/Hawaiian-GrowKit-instructies-ENG-Back.jpg 874w\" sizes=\"auto, (max-width: 423px) 100vw, 423px\" \/>                                                              <\/div>\n              <div class=\"box-text text-left\" >\n                 <p><\/p>\n              <\/div>\n            <\/div>\n            <\/a>          <\/div>\n         <\/div><\/div>\n\n<div class=\"row\"  id=\"row-142857507\">\n\n\n\t<div id=\"col-1240326239\" class=\"col medium-6 small-12 large-6\"  >\n\t\t\t\t<div class=\"col-inner\"  >\n\t\t\t\n\t\t\t\n\n<p><strong>Schritt 1<\/strong><\/p>\n<p>\u00d6ffnen Sie die Schachtel und nehmen Sie den Inhalt heraus: das Growkit, den Growbeutel, zwei Schalen mit schwarzer Erde und eine B\u00fcroklammer.<\/p>\n<p><strong>Schritt 2<\/strong><\/p>\n<p>Waschen Sie Ihre H\u00e4nde gr\u00fcndlich mit Seife und nehmen Sie den Deckel des Anzuchtkastens ab. Verteilen Sie die schwarze Erde gleichm\u00e4\u00dfig auf dem Anzuchtset.<\/p>\n<p><strong>Schritt 3<\/strong><\/p>\n<p>Bespr\u00fchen Sie die oberste Schicht des Kits mit Wasser und stellen Sie sicher, dass sie feucht ist. Bespr\u00fchen Sie auch die Innenseite des Beutels. Vergewissere dich, dass gen\u00fcgend Sauerstoff in der T\u00fcte ist, und lege sie in das Growkit. Verschlie\u00dfen Sie die T\u00fcte mit der B\u00fcroklammer.<\/p>\n<p><strong>Schritt 4<\/strong><\/p>\n<p>Stellen Sie sicher, dass Sie das Grow-Kit t\u00e4glich bespr\u00fchen und ihm frischen Sauerstoff zuf\u00fchren. Du kannst den Beutel zusammendr\u00fccken, um sicherzustellen, dass der Sauerstoff aufgefrischt wird. Es ist wichtig, dass die obere Schicht des Kits feucht gehalten wird.<\/p>\n\n\t\t<\/div>\n\t\t\t\t\t<\/div>\n\n\t\n\n\t<div id=\"col-746577736\" class=\"col medium-6 small-12 large-6\"  >\n\t\t\t\t<div class=\"col-inner\"  >\n\t\t\t\n\t\t\t\n\n<p><strong>Schritt 5<\/strong><\/p>\n<p>Nach 6 - 11 Tagen werden sich die ersten Pilze bilden. Zu diesem Zeitpunkt kannst Du das Kit kurz aus dem Beutel nehmen. Bespr\u00fchen Sie die Innenseite des Beutels und stecken Sie das Growkit wieder in den Beutel. (Hawaiian-Pilze m\u00f6gen keinen direkten Kontakt mit Wasser).<\/p>\n<p><strong>Schritt 6<\/strong><\/p>\n<p>Etwa 5-7 Tage nachdem die Pilze zu wachsen begonnen haben, k\u00f6nnen sie gepfl\u00fcckt werden. Beginnen Sie mit dem Pfl\u00fccken, kurz bevor sich die H\u00fcte zu \u00f6ffnen beginnen. Versuchen Sie, dies zu tun, bevor die ersten schwarzen Sporen fallen, aber machen Sie sich keine Sorgen, wenn dies bereits geschehen ist. Waschen Sie Ihre H\u00e4nde und ziehen Sie die Pilze vorsichtig aus dem Kit.<\/p>\n<p><strong>Schritt 7<\/strong><\/p>\n<p>Nachdem Sie den ganzen Schwall geerntet haben, k\u00f6nnen Sie den gesamten Prozess ab Schritt 3 (Nebeln) wiederholen und der Zyklus wiederholt sich. Das Wichtigste ist, das Growkit feucht zu halten und daf\u00fcr zu sorgen, dass es t\u00e4glich frische Luft bekommt. Denken Sie daran, dass Hawaiian Copelandia ein viel empfindlicheres Produkt ist als andere Pilzanbaus\u00e4tze.<\/p>\n\n\t\t<\/div>\n\t\t\t\t\t<\/div>\n\n\t\n\n<\/div>","protected":false},"excerpt":{"rendered":"","protected":false},"author":807,"featured_media":0,"parent":0,"menu_order":0,"comment_status":"closed","ping_status":"closed","template":"","meta":{"footnotes":""},"class_list":["post-40560","page","type-page","status-publish","hentry"],"_links":{"self":[{"href":"https:\/\/www.headshop.nl\/de\/wp-json\/wp\/v2\/pages\/40560","targetHints":{"allow":["GET"]}}],"collection":[{"href":"https:\/\/www.headshop.nl\/de\/wp-json\/wp\/v2\/pages"}],"about":[{"href":"https:\/\/www.headshop.nl\/de\/wp-json\/wp\/v2\/types\/page"}],"author":[{"embeddable":true,"href":"https:\/\/www.headshop.nl\/de\/wp-json\/wp\/v2\/users\/807"}],"replies":[{"embeddable":true,"href":"https:\/\/www.headshop.nl\/de\/wp-json\/wp\/v2\/comments?post=40560"}],"version-history":[{"count":0,"href":"https:\/\/www.headshop.nl\/de\/wp-json\/wp\/v2\/pages\/40560\/revisions"}],"wp:attachment":[{"href":"https:\/\/www.headshop.nl\/de\/wp-json\/wp\/v2\/media?parent=40560"}],"curies":[{"name":"wp","href":"https:\/\/api.w.org\/{rel}","templated":true}]}}