{"id":36247,"date":"2021-08-24T11:26:14","date_gmt":"2021-08-24T11:26:14","guid":{"rendered":"https:\/\/www.headshop.nl\/?page_id=36247"},"modified":"2023-05-16T12:42:45","modified_gmt":"2023-05-16T12:42:45","slug":"complaints","status":"publish","type":"page","link":"https:\/\/www.headshop.nl\/de\/complaints\/","title":{"rendered":"Beanstandungen"},"content":{"rendered":"<div id=\"gap-1806825451\" class=\"gap-element clearfix\" style=\"display:block; height:auto;\">\n\t\t\n<style>\n#gap-1806825451 {\n  padding-top: 40px;\n}\n<\/style>\n\t<\/div>\n\t\n\n<div class=\"row row-small\"  id=\"row-1996385151\">\n\n\n\t<div id=\"col-796376782\" class=\"col small-12 large-12 small-col-first\"  >\n\t\t\t\t<div class=\"col-inner text-left box-shadow-3\"  >\n\t\t\t\n\t\t\t\n\n\t<div class=\"img has-hover x md-x lg-x y md-y lg-y\" id=\"image_1600242412\">\n\t\t\t\t\t\t\t\t<div class=\"img-inner dark\" >\n\t\t\t<img loading=\"lazy\" decoding=\"async\" width=\"1920\" height=\"676\" src=\"https:\/\/www.headshop.nl\/wp-content\/uploads\/2019\/08\/recovery_headshop_smartshop_banner.jpg\" class=\"attachment-original size-original\" alt=\"\" srcset=\"https:\/\/www.headshop.nl\/wp-content\/uploads\/2019\/08\/recovery_headshop_smartshop_banner.jpg 1920w, https:\/\/www.headshop.nl\/wp-content\/uploads\/2019\/08\/recovery_headshop_smartshop_banner-420x148.jpg 420w, https:\/\/www.headshop.nl\/wp-content\/uploads\/2019\/08\/recovery_headshop_smartshop_banner-64x23.jpg 64w, https:\/\/www.headshop.nl\/wp-content\/uploads\/2019\/08\/recovery_headshop_smartshop_banner-380x134.jpg 380w, https:\/\/www.headshop.nl\/wp-content\/uploads\/2019\/08\/recovery_headshop_smartshop_banner-600x211.jpg 600w, https:\/\/www.headshop.nl\/wp-content\/uploads\/2019\/08\/recovery_headshop_smartshop_banner-768x270.jpg 768w, https:\/\/www.headshop.nl\/wp-content\/uploads\/2019\/08\/recovery_headshop_smartshop_banner-800x282.jpg 800w\" sizes=\"auto, (max-width: 1920px) 100vw, 1920px\">\t\t\t\t\t\t\n\t\t\t\t\t<\/div>\n\t\t\t\t\t\t\t\t\n<style>\n#image_1600242412 {\n  width: 100%;\n}\n<\/style>\n\t<\/div>\n\t\n\n<h1><span style=\"font-size: 120%;\">Beanstandungen<\/span><\/h1>\n<p>Es besteht die M\u00f6glichkeit, dass etwas passiert, das nicht dem Plan entspricht. Wir empfehlen Ihnen, etwaige Beschwerden zun\u00e4chst \u00fcber das unten stehende Kontaktformular mitzuteilen. Sollte dies nicht zu einer L\u00f6sung f\u00fchren, besteht die M\u00f6glichkeit, Ihren Streitfall zur Schlichtung \u00fcber das\u00a0<a href=\"https:\/\/www.webwinkelkeur.nl\/kennisbank\/consumenten\/geschil\/dispute\/\" target=\"_blank\" rel=\"noopener noreferrer\">Stiftung ValuedShops\/WebwinkelKeur<\/a>\u00a0(dies gilt nur f\u00fcr niederl\u00e4ndische und\/oder belgische Kunden). Seit dem 15. Februar 2016 k\u00f6nnen Verbraucher in der EU Beschwerden auch \u00fcber die OS-Plattform der Europ\u00e4ischen Kommission einreichen. Die ODR-Plattform ist zu finden unter\u00a0<a href=\"http:\/\/ec.europa.eu\/odr\" target=\"_blank\" rel=\"noopener noreferrer\">http:\/\/ec.europa.eu\/odr<\/a>. Wenn Ihre Beschwerde noch nicht anderweitig bearbeitet wurde, k\u00f6nnen Sie Ihre Beschwerde \u00fcber die Plattform der Europ\u00e4ischen Union einreichen.<\/p>\n<div class=\"is-divider divider clearfix\" style=\"max-width:0px;height:10px;\"><\/div>\n\n<div class=\"row\"  id=\"row-1433121768\">\n\n\n\t<div id=\"col-339424547\" class=\"col medium-4 small-12 large-4\"  >\n\t\t\t\t<div class=\"col-inner\"  >\n\t\t\t\n\t\t\t\n\n<h2>E-Mail<\/h2>\n<p>Haben Sie eine Frage zu Ihrer Online-Bestellung? Bitte geben Sie Ihre Bestellnummer an. 1TP373Sendungen werden in der Regel innerhalb von 1 Arbeitstag beantwortet.<\/p>\n<a href=\"mailto:info@headshop.nl?subject=Complaint%3A&#038;body=Hey%20Headshop%2C%0A%0AUnfortunately%20i&#039;m%20not%20happy%20with%20my%20order%2Fproduct.%0A%0AYou%20can%20find%20my%20order%20number%20and%20complaint%20below.%0A%0AOrder%20number%3A%0AMy%20complaint%20is%3A%20\" class=\"button primary\" style=\"border-radius:10px;\">\n\t\t<span>Senden Sie eine E-Mail<\/span>\n\t<i class=\"icon-envelop\" aria-hidden=\"true\"><\/i><\/a>\n\n\n\n\t\t<\/div>\n\t\t\t\t\t<\/div>\n\n\t\n\n\t<div id=\"col-1155161284\" class=\"col medium-4 small-12 large-4\"  >\n\t\t\t\t<div class=\"col-inner\"  >\n\t\t\t\n\t\t\t\n\n<h2>Adresse<\/h2>\n<p>Headshop<br \/>PePePe BV<br \/>Sulky 6 J<br \/>Zeewolde<br \/>3897AJ<\/p>\n<p><strong>KVK:<\/strong> 34236211<br \/><strong>\u00dcBRIGENS:<\/strong> NL815030411B01<\/p>\n\n\t\t<\/div>\n\t\t\t\t\t<\/div>\n\n\t\n\n\t<div id=\"col-558083914\" class=\"col medium-4 small-12 large-4\"  >\n\t\t\t\t<div class=\"col-inner\"  >\n\t\t\t\n\t\t\t\n\n<h2>Telefon<\/h2>\n<p>(0031)(0)20-6249061<\/p>\n\n\t\t<\/div>\n\t\t\t\t\t<\/div>\n\n\t\n\n<\/div>\n\n\t\t<\/div>\n\t\t\t\t\n<style>\n#col-796376782 > .col-inner {\n  padding: 30px 30px 30px 30px;\n}\n<\/style>\n\t<\/div>\n\n\t\n\n<\/div>\n<div class=\"row row-small row-box-shadow-3\"  id=\"row-1300748464\">\n\n\n<\/div>\n\t<div id=\"gap-1199371255\" class=\"gap-element clearfix\" style=\"display:block; height:auto;\">\n\t\t\n<style>\n#gap-1199371255 {\n  padding-top: 20px;\n}\n<\/style>\n\t<\/div>","protected":false},"excerpt":{"rendered":"","protected":false},"author":807,"featured_media":0,"parent":0,"menu_order":0,"comment_status":"closed","ping_status":"closed","template":"page-blank.php","meta":{"footnotes":""},"class_list":["post-36247","page","type-page","status-publish","hentry"],"_links":{"self":[{"href":"https:\/\/www.headshop.nl\/de\/wp-json\/wp\/v2\/pages\/36247","targetHints":{"allow":["GET"]}}],"collection":[{"href":"https:\/\/www.headshop.nl\/de\/wp-json\/wp\/v2\/pages"}],"about":[{"href":"https:\/\/www.headshop.nl\/de\/wp-json\/wp\/v2\/types\/page"}],"author":[{"embeddable":true,"href":"https:\/\/www.headshop.nl\/de\/wp-json\/wp\/v2\/users\/807"}],"replies":[{"embeddable":true,"href":"https:\/\/www.headshop.nl\/de\/wp-json\/wp\/v2\/comments?post=36247"}],"version-history":[{"count":0,"href":"https:\/\/www.headshop.nl\/de\/wp-json\/wp\/v2\/pages\/36247\/revisions"}],"wp:attachment":[{"href":"https:\/\/www.headshop.nl\/de\/wp-json\/wp\/v2\/media?parent=36247"}],"curies":[{"name":"wp","href":"https:\/\/api.w.org\/{rel}","templated":true}]}}