{"id":16267,"date":"2018-05-05T18:04:44","date_gmt":"2018-05-05T18:04:44","guid":{"rendered":"http:\/\/headshop.nl\/?page_id=16267"},"modified":"2025-08-26T06:36:46","modified_gmt":"2025-08-26T06:36:46","slug":"return-policy","status":"publish","type":"page","link":"https:\/\/www.headshop.nl\/de\/return-policy\/","title":{"rendered":"R\u00fcckgabepolitik"},"content":{"rendered":"<div class=\"row row-small\"  id=\"row-944447888\">\n\n\n\t<div id=\"col-1214544824\" class=\"col small-12 large-12\"  >\n\t\t\t\t<div class=\"col-inner\"  >\n\t\t\t\n\t\t\t\n\n\t<div id=\"gap-646655253\" class=\"gap-element clearfix\" style=\"display:block; height:auto;\">\n\t\t\n<style>\n#gap-646655253 {\n  padding-top: 40px;\n}\n<\/style>\n\t<\/div>\n\t\n\n\t<div class=\"img has-hover x md-x lg-x y md-y lg-y\" id=\"image_71288041\">\n\t\t\t\t\t\t\t\t<div class=\"img-inner dark\" >\n\t\t\t<img loading=\"lazy\" decoding=\"async\" width=\"1440\" height=\"404\" src=\"https:\/\/www.headshop.nl\/wp-content\/uploads\/2018\/05\/Return-Policy.jpg\" class=\"attachment-original size-original\" alt=\"\" srcset=\"https:\/\/www.headshop.nl\/wp-content\/uploads\/2018\/05\/Return-Policy.jpg 1440w, https:\/\/www.headshop.nl\/wp-content\/uploads\/2018\/05\/Return-Policy-420x118.jpg 420w, https:\/\/www.headshop.nl\/wp-content\/uploads\/2018\/05\/Return-Policy-64x18.jpg 64w, https:\/\/www.headshop.nl\/wp-content\/uploads\/2018\/05\/Return-Policy-600x168.jpg 600w, https:\/\/www.headshop.nl\/wp-content\/uploads\/2018\/05\/Return-Policy-768x215.jpg 768w, https:\/\/www.headshop.nl\/wp-content\/uploads\/2018\/05\/Return-Policy-800x224.jpg 800w\" sizes=\"auto, (max-width: 1440px) 100vw, 1440px\">\t\t\t\t\t\t\n\t\t\t\t\t<\/div>\n\t\t\t\t\t\t\t\t\n<style>\n#image_71288041 {\n  width: 100%;\n}\n<\/style>\n\t<\/div>\n\t\n\n<div class=\"container section-title-container\" ><h2 class=\"section-title section-title-center\"><b aria-hidden=\"true\"><\/b><span class=\"section-title-main\" style=\"font-size:127%;\">R\u00fcckgabepolitik<\/span><b aria-hidden=\"true\"><\/b><\/h2><\/div>\n\n\n\t\t<div class=\"tabbed-content\">\n\t\t\t\n\t\t\t<ul class=\"nav nav-tabs nav-uppercase nav-size-large nav-left\" role=\"tablist\"><li id=\"tab-1.-before-you-return\" class=\"tab active has-icon\" role=\"presentation\"><a href=\"#tab_1.-before-you-return\" role=\"tab\" aria-selected=\"true\" aria-controls=\"tab_1.-before-you-return\"><span>1. VOR IHRER R\u00dcCKKEHR<\/span><\/a><\/li>\n<li id=\"tab-2.-conditions-for-returns\" class=\"tab has-icon\" role=\"presentation\"><a href=\"#tab_2.-conditions-for-returns\" tabindex=\"-1\" role=\"tab\" aria-selected=\"false\" aria-controls=\"tab_2.-conditions-for-returns\"><span>2. Bedingungen f\u00fcr R\u00fccksendungen<\/span><\/a><\/li>\n<li id=\"tab-3.-money-refunds\" class=\"tab has-icon\" role=\"presentation\"><a href=\"#tab_3.-money-refunds\" tabindex=\"-1\" role=\"tab\" aria-selected=\"false\" aria-controls=\"tab_3.-money-refunds\"><span>3. GELDERSTATTUNGEN<\/span><\/a><\/li>\n<li id=\"tab-4.-damaged-products\" class=\"tab has-icon\" role=\"presentation\"><a href=\"#tab_4.-damaged-products\" tabindex=\"-1\" role=\"tab\" aria-selected=\"false\" aria-controls=\"tab_4.-damaged-products\"><span>4. Besch\u00e4digte Erzeugnisse<\/span><\/a><\/li><\/ul><div class=\"tab-panels\"><div id=\"tab_1.-before-you-return\" class=\"panel active entry-content\" role=\"tabpanel\" aria-labelledby=\"tab-1.-before-you-return\">\n\n<h2><strong>Bevor Sie Ihre Produkte zur\u00fcckgeben.<\/strong><\/h2>\n<p>Als Kunde steht Ihnen von Gesetzes wegen ein Widerrufsrecht zu. Das bedeutet, dass Sie uns innerhalb von 14 Tagen nach Erhalt eines Produkts \u00fcber Ihre Absicht informieren k\u00f6nnen, von Ihrem Widerrufsrecht Gebrauch zu machen. Nachdem Sie uns Ihre Absicht mitgeteilt haben, haben Sie weitere 14 Tage Zeit, das Produkt an uns zur\u00fcckzusenden. Wenn Sie von Ihrem Widerrufsrecht Gebrauch machen, erstatten wir Ihnen die urspr\u00fcnglichen Versandkosten und die Kosten f\u00fcr das Produkt innerhalb von 14 Tagen nach der Benachrichtigung.<\/p>\n<p><span style=\"color: #749a00;\"><strong>F\u00fcr die R\u00fccksendung von Produkten an uns gelten einige Bedingungen, die Sie bitte sorgf\u00e4ltig lesen.<\/strong><\/span><\/p>\n<hr \/>\n<h2><strong>Bedingungen f\u00fcr R\u00fccksendungen<\/strong><\/h2>\n<p><strong>1. Kurzlebige Produkte: <\/strong>Produkte, die schnell verderben oder nur eine begrenzte Haltbarkeit haben, wie z.B. Zaubertr\u00fcffel, Pilzanbaus\u00e4tze und Pilzsporen oder andere Produkte, die als \u00e4hnlich angesehen werden, k\u00f6nnen aufgrund ihrer kurzen Lebensdauer nicht zur\u00fcckgegeben werden.<\/p>\n<p><strong>2. Hygiene: <\/strong>Bongs, Pfeifen, Vaporizer oder \u00e4hnliche Produkte k\u00f6nnen nur dann zur\u00fcckgegeben werden, wenn sie unbenutzt und versiegelt in ihrer Originalverpackung sind. Produkte, die nach der Lieferung mit anderen Produkten vermischt werden, k\u00f6nnen nicht zur\u00fcckgegeben werden.<\/p>\n<p><strong>3. Original Verpackung: <\/strong>Alle Artikel m\u00fcssen in ihrer Originalverpackung zur\u00fcckgeschickt werden: Versiegelt, unge\u00f6ffnet, unbenutzt und unbesch\u00e4digt (es sei denn, die Besch\u00e4digung ist der Grund, warum Sie den Artikel zur\u00fccksenden m\u00f6chten).<\/p>\n<p><strong>Das ist wichtig:<\/strong> Wir erstatten Ihnen kein Geld zur\u00fcck, wenn der Zoll Ihr Paket beschlagnahmt hat oder wenn Sie uns falsche Adressdaten mitgeteilt haben. Sie sind daf\u00fcr verantwortlich, sich \u00fcber den rechtlichen Status unserer Produkte in Ihrem Land zu informieren und uns Ihre korrekte Adresse mitzuteilen. Bitte lesen Sie unsere <u><a href=\"https:\/\/www.tatanka.nl\/terms-and-conditions\/\" rel=\"noopener\" target=\"_blank\"><span style=\"color: #749a00;\"><strong>Bedingungen und Konditionen<\/strong>.<\/span><\/a><\/u><\/p>\n<hr \/>\n<h2>Informieren Sie uns<\/h2>\n<p><strong>Wenn Sie eine Geldr\u00fcckerstattung oder Ersatz f\u00fcr Ihre besch\u00e4digten Produkte w\u00fcnschen.<\/strong><br \/>Benachrichtigen Sie uns innerhalb von 14 Tagen per E-Mail, nachdem Sie die Produkte an Ihre Adresse erhalten haben, bevor Sie eine R\u00fccksendung vornehmen.<\/p>\n<p><strong>Wie sieht es mit den R\u00fcckf\u00fchrungskosten aus?<\/strong><br \/>Die Versandkosten, die Sie f\u00fcr die R\u00fccksendung der Produkte aufwenden, werden nicht erstattet.<\/p>\n<p><a class=\"button primary\" href=\"https:\/\/www.headshop.nl\/de\/contact-us\/\" rel=\"noopener\">Kontakt<\/a><\/p>\n\n<\/div>\n<div id=\"tab_2.-conditions-for-returns\" class=\"panel entry-content\" role=\"tabpanel\" aria-labelledby=\"tab-2.-conditions-for-returns\">\n\n<div class=\"row\"  id=\"row-1753085876\">\n\n\n\t<div id=\"col-1531184150\" class=\"col small-12 large-12\"  >\n\t\t\t\t<div class=\"col-inner\"  >\n\t\t\t\n\t\t\t\n\n<h2><strong>Bedingungen f\u00fcr R\u00fccksendungen<\/strong><\/h2>\n<p><strong>1. Kurzlebige Produkte: <\/strong>Produkte, die schnell verderben oder nur eine begrenzte Haltbarkeit haben, wie z.B. Zaubertr\u00fcffel, Pilzanbaus\u00e4tze und Pilzsporen oder andere Produkte, die als \u00e4hnlich angesehen werden, k\u00f6nnen aufgrund ihrer kurzen Lebensdauer nicht zur\u00fcckgegeben werden.<\/p>\n<p><strong>2. Hygiene: <\/strong>Bongs, Pfeifen, Vaporizer oder \u00e4hnliche Produkte k\u00f6nnen nur dann zur\u00fcckgegeben werden, wenn sie unbenutzt und versiegelt in ihrer Originalverpackung sind. Produkte, die nach der Lieferung mit anderen Produkten vermischt werden, k\u00f6nnen nicht zur\u00fcckgegeben werden.<\/p>\n<p><strong>3. Original Verpackung: <\/strong>Alle Artikel m\u00fcssen in ihrer Originalverpackung zur\u00fcckgeschickt werden: Versiegelt, unge\u00f6ffnet, unbenutzt und unbesch\u00e4digt (es sei denn, die Besch\u00e4digung ist der Grund, warum Sie den Artikel zur\u00fccksenden m\u00f6chten).<\/p>\n<p><strong>Das ist wichtig:<\/strong> Wir erstatten Ihnen kein Geld zur\u00fcck, wenn der Zoll Ihr Paket beschlagnahmt hat oder wenn Sie uns falsche Adressdaten mitgeteilt haben. Sie sind daf\u00fcr verantwortlich, sich \u00fcber den rechtlichen Status unserer Produkte in Ihrem Land zu informieren und uns Ihre korrekte Adresse mitzuteilen. Bitte lesen Sie unsere <u><a href=\"https:\/\/www.headshop.nl\/de\/terms-and-conditions\/\" rel=\"noopener\" target=\"_blank\"><span style=\"color: #749a00;\"><strong>Bedingungen und Konditionen<\/strong>.<\/span><\/a><\/u><\/p>\n<hr>\n<h2>Informieren Sie uns<\/h2>\n<p><strong>Wenn Sie eine Geldr\u00fcckerstattung oder einen Ersatz f\u00fcr ein besch\u00e4digtes Produkt w\u00fcnschen. <\/strong><br \/>Benachrichtigen Sie uns innerhalb von 14 Tagen per E-Mail, nachdem Sie die Produkte an Ihre Adresse erhalten haben, bevor Sie eine R\u00fccksendung vornehmen.<\/p>\n<p><strong>Wie viel Zeit haben Sie f\u00fcr die R\u00fcckgabe Ihrer Produkte?<\/strong><br \/>Senden Sie die Produkte innerhalb von 14 Tagen zur\u00fcck, nachdem wir sie gepr\u00fcft und der R\u00fcckgabe zugestimmt haben.<\/p>\n<p><strong>Wie sieht es mit den R\u00fcckf\u00fchrungskosten aus?<\/strong><br \/>Die Versandkosten, die Sie f\u00fcr die R\u00fccksendung der Produkte aufwenden, werden nicht erstattet.<\/p>\n<p><a class=\"button primary\" href=\"https:\/\/www.headshop.nl\/de\/contact-us\/\" rel=\"noopener\" target=\"_blank\">Kontakt<\/a><\/p>\n\n\t\t<\/div>\n\t\t\t\t\t<\/div>\n\n\t\n\n<\/div>\n\n<\/div>\n<div id=\"tab_3.-money-refunds\" class=\"panel entry-content\" role=\"tabpanel\" aria-labelledby=\"tab-3.-money-refunds\">\n\n<h2><strong>Geldr\u00fcckerstattungen<\/strong><\/h2>\n<p>Als Kunde steht Ihnen von Gesetzes wegen ein Widerrufsrecht zu. Das bedeutet, dass Sie uns innerhalb von 14 Tagen nach Erhalt eines Produkts \u00fcber Ihre Absicht informieren k\u00f6nnen, von Ihrem Widerrufsrecht Gebrauch zu machen. Nachdem Sie uns Ihre Absicht mitgeteilt haben, haben Sie weitere 14 Tage Zeit, das Produkt an uns zur\u00fcckzusenden. Wenn Sie von Ihrem Widerrufsrecht Gebrauch machen, erstatten wir Ihnen die urspr\u00fcnglichen Versandkosten und die Kosten f\u00fcr das Produkt innerhalb von 14 Tagen nach der Benachrichtigung.<\/p>\n<p><span style=\"color: #749a00;\"><strong>Es gibt einige Bedingungen f\u00fcr die R\u00fcckgabe von Produkten, die Sie bitte sorgf\u00e4ltig lesen.<\/strong><\/span><\/p>\n<hr \/>\n<h2><strong>Bedingungen f\u00fcr R\u00fccksendungen<\/strong><\/h2>\n<p><strong>1. Kurzlebige Produkte: <\/strong>Produkte, die schnell verderben oder nur eine begrenzte Haltbarkeit haben, wie z.B. Zaubertr\u00fcffel, Pilzanbaus\u00e4tze und Pilzsporen oder andere Produkte, die als \u00e4hnlich angesehen werden, k\u00f6nnen aufgrund ihrer kurzen Lebensdauer nicht zur\u00fcckgegeben werden.<\/p>\n<p><strong>2. Hygiene: <\/strong>Bongs, Pfeifen, Vaporizer oder \u00e4hnliche Produkte k\u00f6nnen nur dann zur\u00fcckgegeben werden, wenn sie unbenutzt und versiegelt in ihrer Originalverpackung sind. Produkte, die nach der Lieferung mit anderen Produkten vermischt werden, k\u00f6nnen nicht zur\u00fcckgegeben werden.<\/p>\n<p><strong>3. Original Verpackung: <\/strong>Alle Artikel m\u00fcssen in ihrer Originalverpackung zur\u00fcckgeschickt werden: Versiegelt, unge\u00f6ffnet, unbenutzt und unbesch\u00e4digt (es sei denn, die Besch\u00e4digung ist der Grund, warum Sie den Artikel zur\u00fccksenden m\u00f6chten).<\/p>\n<p><strong>Das ist wichtig:<\/strong> Wir erstatten Ihr Geld nicht, wenn der Zoll Ihr Paket beschlagnahmt hat oder wenn Sie uns falsche Adressdaten mitgeteilt haben. Wir k\u00f6nnen nur Produkte erstatten mit einer <span id=\"result_box\" class=\"short_text\" lang=\"en\"><span class=\"\">lange Haltbarkeit und Produkte <\/span><\/span>die an uns zur\u00fcckgehen. Sie sind daf\u00fcr verantwortlich, sich \u00fcber den rechtlichen Status unserer Produkte in Ihrem Land zu informieren und uns Ihre korrekte Adresse mitzuteilen. Bitte lesen Sie unsere<\/p>\n<p><u style=\"font-size: 14.4px;\"><a href=\"https:\/\/www.headshop.nl\/de\/terms-and-conditions\/\" rel=\"noopener\" target=\"_blank\"><span style=\"color: #749a00;\"><strong>Bedingungen und Konditionen<\/strong>.<\/span><\/a><\/u><\/p>\n<hr \/>\n<h2>Informieren Sie uns<\/h2>\n<p><strong>Wenn Sie eine Geldr\u00fcckerstattung w\u00fcnschen<\/strong><br \/>Benachrichtigen Sie uns innerhalb von 14 Tagen per E-Mail, nachdem Sie die Produkte an Ihre Adresse erhalten haben, bevor Sie eine R\u00fccksendung vornehmen.<\/p>\n<p><strong>Wie viel Zeit haben Sie f\u00fcr die R\u00fcckgabe Ihrer Produkte?<\/strong><br \/>Senden Sie die Produkte innerhalb von 14 Tagen zur\u00fcck, nachdem wir sie gepr\u00fcft und der R\u00fcckgabe zugestimmt haben.<\/p>\n<p><strong>Wie sieht es mit den R\u00fcckf\u00fchrungskosten aus?<\/strong><br \/>Die Versandkosten, die Sie f\u00fcr die R\u00fccksendung der Produkte aufwenden, werden nicht erstattet.<\/p>\n<p><strong>Erstattungen in Kryptow\u00e4hrungen<\/strong><br \/>Wir \u00fcberweisen aus Sicherheitsgr\u00fcnden keine Kryptow\u00e4hrungen zur\u00fcck. In diesem Fall \u00fcberweisen wir den Betrag auf ein Bankkonto.<\/p>\n<p><a class=\"button primary\" href=\"https:\/\/www.headshop.nl\/de\/contact-us\/\" rel=\"noopener\" target=\"_blank\">Kontakt<\/a><\/p>\n\n<\/div>\n<div id=\"tab_4.-damaged-products\" class=\"panel entry-content\" role=\"tabpanel\" aria-labelledby=\"tab-4.-damaged-products\">\n\n<h2><strong>Besch\u00e4digte Produkte.<\/strong><\/h2>\n<ol>\n<li>Wenn Ihr Produkt besch\u00e4digt ist. Sie k\u00f6nnen uns \u00fcber Sch\u00e4den informieren. Wir werden es gerne reparieren oder, falls dies nicht m\u00f6glich ist, einen Ersatz schicken, nachdem wir das besch\u00e4digte Produkt zur\u00fcckerhalten haben und es von unserem Team \u00fcberpr\u00fcft wurde.<\/li>\n<li>Wenn Ihr Produkt bei der Lieferung besch\u00e4digt wurde. Sie k\u00f6nnen uns \u00fcber eventuelle Sch\u00e4den informieren (mit Fotos). Sobald Sie uns das Produkt zur\u00fcckgeschickt haben, werden wir es \u00fcberpr\u00fcfen und gegebenenfalls einen Ersatz schicken.<\/li>\n<li>Wenn Ihr Produkt w\u00e4hrend der Garantiezeit defekt ist, k\u00f6nnen Sie uns mit einem Foto und einer Beschreibung des Defekts kontaktieren. Nach der Inspektion wird das Produkt entweder vom Lieferanten repariert oder es wird Ihnen ein Ersatzprodukt zugesandt.<\/li>\n<\/ol>\n<p><span style=\"color: #749a00;\"><strong>Es gibt einige Bedingungen f\u00fcr die R\u00fcckgabe von Produkten, die Sie bitte sorgf\u00e4ltig lesen.<\/strong><\/span><\/p>\n<hr>\n<h2><strong>Bedingungen f\u00fcr R\u00fccksendungen<\/strong><\/h2>\n<p><strong>1. Kurzlebige Produkte: <\/strong>Produkte, die schnell verderben oder nur eine begrenzte Haltbarkeit haben, wie z.B. Zaubertr\u00fcffel, Pilzanbaus\u00e4tze und Pilzsporen oder andere Produkte, die als \u00e4hnlich angesehen werden, k\u00f6nnen aufgrund ihrer kurzen Lebensdauer nicht zur\u00fcckgegeben werden.<\/p>\n<p><strong>2. Hygiene: <\/strong>Bongs, Pfeifen, Vaporizer oder \u00e4hnliche Produkte k\u00f6nnen nur dann zur\u00fcckgegeben werden, wenn sie unbenutzt und versiegelt in ihrer Originalverpackung sind. Produkte, die nach der Lieferung mit anderen Produkten vermischt werden, k\u00f6nnen nicht zur\u00fcckgegeben werden.<\/p>\n<p><strong>3. Original Verpackung: <\/strong>Alle Artikel m\u00fcssen in ihrer Originalverpackung zur\u00fcckgeschickt werden: Versiegelt, unge\u00f6ffnet, unbenutzt und unbesch\u00e4digt (es sei denn, die Besch\u00e4digung ist der Grund, warum Sie den Artikel zur\u00fccksenden m\u00f6chten).<\/p>\n<p><strong>Das ist wichtig:<\/strong> Wir erstatten Ihnen kein Geld zur\u00fcck, wenn der Zoll Ihr Paket beschlagnahmt hat oder wenn Sie uns falsche Adressdaten mitgeteilt haben. Sie sind daf\u00fcr verantwortlich, sich \u00fcber den rechtlichen Status unserer Produkte in Ihrem Land zu informieren und uns Ihre korrekte Adresse mitzuteilen. Bitte lesen Sie unsere <u><a href=\"https:\/\/www.headshop.nl\/de\/terms-and-conditions\/\" rel=\"noopener\" target=\"_blank\"><span style=\"color: #749a00;\"><strong>Bedingungen und Konditionen<\/strong>.<\/span><\/a><\/u><\/p>\n<hr>\n<h2>Informieren Sie uns<\/h2>\n<p><strong>Wenn Sie besch\u00e4digte Produkte haben<\/strong><br \/>Benachrichtigen Sie uns innerhalb von 14 Tagen per E-Mail, nachdem Sie die Produkte an Ihre Adresse erhalten haben, bevor Sie eine R\u00fccksendung vornehmen.<\/p>\n<p><strong>Wie viel Zeit haben Sie f\u00fcr die R\u00fcckgabe Ihrer Produkte?<\/strong><br \/>Senden Sie die Produkte innerhalb von 14 Tagen zur\u00fcck, nachdem wir sie gepr\u00fcft und der R\u00fcckgabe zugestimmt haben.<\/p>\n<p><strong>Wie sieht es mit den R\u00fcckf\u00fchrungskosten aus?<\/strong><br \/>Die Versandkosten, die Sie f\u00fcr die R\u00fccksendung der Produkte aufwenden, werden nicht erstattet.<\/p>\n<p><a class=\"button primary\" href=\"https:\/\/www.headshop.nl\/de\/contact-us\/\" rel=\"noopener\" target=\"_blank\">Kontakt<\/a><\/p>\n\n<\/div><\/div><\/div>\n\n\t\t<\/div>\n\t\t\t\t\t<\/div>\n\n\t\n\n<\/div>\n\t<div id=\"gap-472626932\" class=\"gap-element clearfix\" style=\"display:block; height:auto;\">\n\t\t\n<style>\n#gap-472626932 {\n  padding-top: 30px;\n}\n<\/style>\n\t<\/div>","protected":false},"excerpt":{"rendered":"","protected":false},"author":807,"featured_media":0,"parent":0,"menu_order":0,"comment_status":"closed","ping_status":"closed","template":"page-blank.php","meta":{"footnotes":""},"class_list":["post-16267","page","type-page","status-publish","hentry"],"_links":{"self":[{"href":"https:\/\/www.headshop.nl\/de\/wp-json\/wp\/v2\/pages\/16267","targetHints":{"allow":["GET"]}}],"collection":[{"href":"https:\/\/www.headshop.nl\/de\/wp-json\/wp\/v2\/pages"}],"about":[{"href":"https:\/\/www.headshop.nl\/de\/wp-json\/wp\/v2\/types\/page"}],"author":[{"embeddable":true,"href":"https:\/\/www.headshop.nl\/de\/wp-json\/wp\/v2\/users\/807"}],"replies":[{"embeddable":true,"href":"https:\/\/www.headshop.nl\/de\/wp-json\/wp\/v2\/comments?post=16267"}],"version-history":[{"count":2,"href":"https:\/\/www.headshop.nl\/de\/wp-json\/wp\/v2\/pages\/16267\/revisions"}],"predecessor-version":[{"id":86559,"href":"https:\/\/www.headshop.nl\/de\/wp-json\/wp\/v2\/pages\/16267\/revisions\/86559"}],"wp:attachment":[{"href":"https:\/\/www.headshop.nl\/de\/wp-json\/wp\/v2\/media?parent=16267"}],"curies":[{"name":"wp","href":"https:\/\/api.w.org\/{rel}","templated":true}]}}