{"id":15152,"date":"2018-04-23T12:47:56","date_gmt":"2018-04-23T12:47:56","guid":{"rendered":"http:\/\/headshop.nl\/?page_id=15152"},"modified":"2021-08-24T08:05:21","modified_gmt":"2021-08-24T08:05:21","slug":"about-us","status":"publish","type":"page","link":"https:\/\/www.headshop.nl\/de\/about-us\/","title":{"rendered":"\u00dcber Headshop"},"content":{"rendered":"<div id=\"gap-1001088008\" class=\"gap-element clearfix\" style=\"display:block; height:auto;\">\n\t\t\n<style>\n#gap-1001088008 {\n  padding-top: 30px;\n}\n<\/style>\n\t<\/div>\n\t\n\n<div class=\"container section-title-container\" ><h3 class=\"section-title section-title-normal\"><b aria-hidden=\"true\"><\/b><span class=\"section-title-main\" style=\"font-size:149%;\">\u00dcber Headshop<\/span><b aria-hidden=\"true\"><\/b><\/h3><\/div>\n\n<div class=\"row\"  id=\"row-1994295895\">\n\n\n\t<div id=\"col-113880647\" class=\"col medium-8 small-12 large-8\"  >\n\t\t\t\t<div class=\"col-inner\"  >\n\t\t\t\n\t\t\t\n\n<h2 data-animated=\"true\" data-animate=\"fadeInLeft\">The Headshop Erfahrung seit 1968<\/h2>\n<p data-animated=\"true\" data-animate=\"fadeInLeft\">Wer ein authentisches Smartshop-\/Headshop-Erlebnis sucht, ist bei Headshop in Amsterdam an der richtigen Adresse. Seit 1968 bieten wir wertvolle und g\u00fcltige Informationen \u00fcber unsere Produkte, wir geben auch Ratschl\u00e4ge, die auf Wissen und pers\u00f6nlichen Erfahrungen basieren.\u00a0<\/p>\n<p data-animated=\"true\" data-animate=\"fadeInLeft\">Wer ein echtes \"Amsterdam-Erlebnis\" haben m\u00f6chte, kann nicht einfach am Headshop vorbeigehen.\u00a0<\/p>\n<p data-animated=\"true\" data-animate=\"fadeInLeft\">Unsere Vision und Mission ist es, unsere Kunden zu verw\u00f6hnen, so dass wir f\u00fcr unsere Kunden ein einzigartiges Erlebnis bieten k\u00f6nnen. Die Atmosph\u00e4re im Laden ist entspannt und unser Team ist es auch. Mit unseren nat\u00fcrlichen Produkten m\u00f6chten wir Ihnen das ultimative Erlebnis bieten, egal ob Sie auf der Suche nach magischen Tr\u00fcffeln, euphorischen Erfahrungen, Energiesch\u00fcben, Kr\u00e4utern oder Dekoration f\u00fcr Ihr Zuhause sind. Wir hei\u00dfen Sie herzlich willkommen in unserem Gesch\u00e4ft in Amsterdam, aber wir w\u00fcnschen Ihnen auch eine gute Erfahrung online!\u00a0<\/p>\n\n\t\t<\/div>\n\t\t\t\t\t<\/div>\n\n\t\n\n\t<div id=\"col-1820837681\" class=\"col medium-4 small-12 large-4 small-col-first\"  >\n\t\t\t\t<div class=\"col-inner\"  >\n\t\t\t\n\t\t\t\n\n\t<div class=\"img has-hover x md-x lg-x y md-y lg-y\" id=\"image_1995607550\">\n\t\t\t\t\t\t\t\t<div class=\"img-inner dark\" >\n\t\t\t<img loading=\"lazy\" decoding=\"async\" width=\"1500\" height=\"768\" src=\"https:\/\/www.headshop.nl\/wp-content\/uploads\/2019\/08\/Logo-The-Headshop-DEF.png\" class=\"attachment-original size-original\" alt=\"The Headshop Logo\" srcset=\"https:\/\/www.headshop.nl\/wp-content\/uploads\/2019\/08\/Logo-The-Headshop-DEF.png 1500w, https:\/\/www.headshop.nl\/wp-content\/uploads\/2019\/08\/Logo-The-Headshop-DEF-420x215.png 420w, https:\/\/www.headshop.nl\/wp-content\/uploads\/2019\/08\/Logo-The-Headshop-DEF-64x33.png 64w, https:\/\/www.headshop.nl\/wp-content\/uploads\/2019\/08\/Logo-The-Headshop-DEF-380x195.png 380w, https:\/\/www.headshop.nl\/wp-content\/uploads\/2019\/08\/Logo-The-Headshop-DEF-600x307.png 600w, https:\/\/www.headshop.nl\/wp-content\/uploads\/2019\/08\/Logo-The-Headshop-DEF-768x393.png 768w, https:\/\/www.headshop.nl\/wp-content\/uploads\/2019\/08\/Logo-The-Headshop-DEF-800x410.png 800w\" sizes=\"auto, (max-width: 1500px) 100vw, 1500px\" \/>\t\t\t\t\t\t\n\t\t\t\t\t<\/div>\n\t\t\t\t\t\t\t\t\n<style>\n#image_1995607550 {\n  width: 100%;\n}\n<\/style>\n\t<\/div>\n\t\n\n\t<div id=\"gap-1775343013\" class=\"gap-element clearfix\" style=\"display:block; height:auto;\">\n\t\t\n<style>\n#gap-1775343013 {\n  padding-top: 10px;\n}\n<\/style>\n\t<\/div>\n\t\n\n\n\t\t<\/div>\n\t\t\t\t\t<\/div>\n\n\t\n\n<\/div>\n\n\t<section class=\"section dark\" id=\"section_1076913470\">\n\t\t<div class=\"section-bg fill\" >\n\t\t\t\t\t\t\t\t\t\n\t\t\t\n\n\t\t<\/div>\n\n\t\t\n\n\t\t<div class=\"section-content relative\">\n\t\t\t\n\n<div class=\"row row-large align-middle\"  id=\"row-575399525\">\n\n\n\t<div id=\"col-396492504\" class=\"col medium-6 small-12 large-6\"  >\n\t\t\t\t<div class=\"col-inner text-center\"  >\n\t\t\t\n\t\t\t\n\n\t<div class=\"img has-hover x md-x lg-x y md-y lg-y\" id=\"image_797329894\">\n\t\t\t\t\t\t<div data-animate=\"fadeInLeft\">\t\t<div class=\"img-inner image-cover dark\" style=\"padding-top:75%;\">\n\t\t\t<img loading=\"lazy\" decoding=\"async\" width=\"1536\" height=\"1024\" src=\"https:\/\/www.headshop.nl\/wp-content\/uploads\/2019\/08\/Relax_headshop_smartshop.jpg\" class=\"attachment-original size-original\" alt=\"\" srcset=\"https:\/\/www.headshop.nl\/wp-content\/uploads\/2019\/08\/Relax_headshop_smartshop.jpg 1536w, https:\/\/www.headshop.nl\/wp-content\/uploads\/2019\/08\/Relax_headshop_smartshop-420x280.jpg 420w, https:\/\/www.headshop.nl\/wp-content\/uploads\/2019\/08\/Relax_headshop_smartshop-64x43.jpg 64w, https:\/\/www.headshop.nl\/wp-content\/uploads\/2019\/08\/Relax_headshop_smartshop-380x253.jpg 380w, https:\/\/www.headshop.nl\/wp-content\/uploads\/2019\/08\/Relax_headshop_smartshop-600x400.jpg 600w, https:\/\/www.headshop.nl\/wp-content\/uploads\/2019\/08\/Relax_headshop_smartshop-768x512.jpg 768w, https:\/\/www.headshop.nl\/wp-content\/uploads\/2019\/08\/Relax_headshop_smartshop-800x533.jpg 800w\" sizes=\"auto, (max-width: 1536px) 100vw, 1536px\">\t\t\t\t\t\t\n\t\t\t\t\t<\/div>\n\t\t<\/div>\t\t\t\t\t\t\n<style>\n#image_797329894 {\n  width: 100%;\n}\n<\/style>\n\t<\/div>\n\t\n\n\t<div id=\"gap-2030768818\" class=\"gap-element clearfix\" style=\"display:block; height:auto;\">\n\t\t\n<style>\n#gap-2030768818 {\n  padding-top: 10px;\n}\n<\/style>\n\t<\/div>\n\t\n\n\n\t\t<\/div>\n\t\t\t\t\t<\/div>\n\n\t\n\n\t<div id=\"col-2085247145\" class=\"col medium-6 small-12 large-6\"  >\n\t\t\t\t<div class=\"col-inner text-left\"  >\n\t\t\t\n\t\t\t\n\n<h2 data-animated=\"true\" data-animate=\"fadeInLeft\">Ihr erfahrener Reisef\u00fchrer aus Amsterdam.<\/h2>\n<p data-animated=\"true\" data-animate=\"fadeInLeft\">Das Tolle daran ist, dass das Headshop nicht nur ein Ort ist, an dem man psychoaktive Produkte, Uppers, Downers, Cbd und mehr kaufen kann, sondern dass man hier auch mehr Informationen erh\u00e4lt. Und genau das ist es, was das Headshop auszeichnet. Sie k\u00f6nnen sich auf unser Team verlassen, das Sie ehrlich und kompetent ber\u00e4t.<\/p>\n<p data-animated=\"true\" data-animate=\"fadeInLeft\">Hier sind Sie richtig, wenn Sie wissen wollen, wie ein Produkt auf Ihr Gem\u00fct wirkt und welchen Einfluss es auf Ihre Gef\u00fchle und Ihr Verhalten haben kann.<\/p>\n\n\t\t<\/div>\n\t\t\t\t\t<\/div>\n\n\t\n\n<\/div>\n\n\t\t<\/div>\n\n\t\t\n<style>\n#section_1076913470 {\n  padding-top: 60px;\n  padding-bottom: 60px;\n  background-color: rgb(0,0,0);\n}\n<\/style>\n\t<\/section>\n\t\n\n\t<section class=\"section\" id=\"section_220689975\">\n\t\t<div class=\"section-bg fill\" >\n\t\t\t\t\t\t\t\t\t\n\t\t\t\n\t<div class=\"is-border\"\n\t\tstyle=\"border-width:0px 0px 0px 0px;\">\n\t<\/div>\n\n\t\t<\/div>\n\n\t\t\n\n\t\t<div class=\"section-content relative\">\n\t\t\t\n\n<div class=\"row row-large align-middle\"  id=\"row-403572407\">\n\n\n\t<div id=\"col-830308734\" class=\"col medium-6 small-12 large-6\"  >\n\t\t\t\t<div class=\"col-inner text-left\"  >\n\t\t\t\n\t\t\t\n\n<h2 data-animated=\"true\" data-animate=\"fadeInLeft\">Besuchen Sie unsere Headshop Gesch\u00e4fte in Amsterdam!<\/h2>\n<p data-animated=\"true\" data-animate=\"fadeInLeft\">Sind Sie in Amsterdam zu Besuch? Dann sind Sie herzlich eingeladen, eines unserer Gesch\u00e4fte in Amsterdam zu besuchen. Wir haben 3 Gesch\u00e4fte! Die Produkte, die Sie auf der Headshop online Webshop finden, finden Sie auch in unseren Gesch\u00e4ften in Amsterdam. <span id=\"ext-gen2322\"><\/span>Erleben Sie das echte Amsterdam! Wir sind bereit!<\/p>\n<a href=\"https:\/\/www.headshop.nl\/de\/our-stores\/\" class=\"button primary box-shadow-2 box-shadow-4-hover\" target=\"_blank\" rel=\"noopener\">\n\t\t<span>Unsere L\u00e4den<\/span>\n\t<\/a>\n\n\n\n\t\t<\/div>\n\t\t\t\t\t<\/div>\n\n\t\n\n\t<div id=\"col-453319027\" class=\"col medium-6 small-12 large-6 small-col-first\"  >\n\t\t\t\t<div class=\"col-inner\"  >\n\t\t\t\n\t\t\t\n\n\t<div class=\"img has-hover x md-x lg-x y md-y lg-y\" id=\"image_31342450\">\n\t\t\t\t\t\t\t\t<div class=\"img-inner dark\" >\n\t\t\t<img loading=\"lazy\" decoding=\"async\" width=\"400\" height=\"275\" src=\"https:\/\/www.headshop.nl\/wp-content\/uploads\/2018\/04\/Headshop-Amsterdam.jpg\" class=\"attachment-original size-original\" alt=\"\" srcset=\"https:\/\/www.headshop.nl\/wp-content\/uploads\/2018\/04\/Headshop-Amsterdam.jpg 400w, https:\/\/www.headshop.nl\/wp-content\/uploads\/2018\/04\/Headshop-Amsterdam-64x44.jpg 64w\" sizes=\"auto, (max-width: 400px) 100vw, 400px\">\t\t\t\t\t\t\n\t\t\t\t\t<\/div>\n\t\t\t\t\t\t\t\t\n<style>\n#image_31342450 {\n  width: 100%;\n}\n<\/style>\n\t<\/div>\n\t\n\n\t<div id=\"gap-654271929\" class=\"gap-element clearfix\" style=\"display:block; height:auto;\">\n\t\t\n<style>\n#gap-654271929 {\n  padding-top: 10px;\n}\n<\/style>\n\t<\/div>\n\t\n\n\n\t\t<\/div>\n\t\t\t\t\t<\/div>\n\n\t\n\n<\/div>\n\n\t\t<\/div>\n\n\t\t\n<style>\n#section_220689975 {\n  padding-top: 60px;\n  padding-bottom: 60px;\n  background-color: rgb(255, 255, 255);\n}\n<\/style>\n\t<\/section>\n\t\n\n\t<section class=\"section dark\" id=\"section_2068548400\">\n\t\t<div class=\"section-bg fill\" >\n\t\t\t\t\t\t\t\t\t\n\t\t\t\n\t<div class=\"is-border\"\n\t\tstyle=\"border-width:0px 0px 0px 0px;\">\n\t<\/div>\n\n\t\t<\/div>\n\n\t\t\n\n\t\t<div class=\"section-content relative\">\n\t\t\t\n\n<div class=\"row row-large align-middle\"  id=\"row-852228740\">\n\n\n\t<div id=\"col-628586291\" class=\"col medium-6 small-12 large-6\"  >\n\t\t\t\t<div class=\"col-inner\"  >\n\t\t\t\n\t\t\t\n\n\t<div class=\"img has-hover x md-x lg-x y md-y lg-y\" id=\"image_1850247510\">\n\t\t\t\t\t\t\t\t<div class=\"img-inner image-cover dark\" style=\"padding-top:75%;\">\n\t\t\t<img loading=\"lazy\" decoding=\"async\" width=\"420\" height=\"400\" src=\"https:\/\/www.headshop.nl\/wp-content\/uploads\/2017\/10\/After-E-for-Detox.jpg\" class=\"attachment-original size-original\" alt=\"\" srcset=\"https:\/\/www.headshop.nl\/wp-content\/uploads\/2017\/10\/After-E-for-Detox.jpg 420w, https:\/\/www.headshop.nl\/wp-content\/uploads\/2017\/10\/After-E-for-Detox-64x61.jpg 64w\" sizes=\"auto, (max-width: 420px) 100vw, 420px\">\t\t\t\t\t\t\n\t\t\t\t\t<\/div>\n\t\t\t\t\t\t\t\t\n<style>\n#image_1850247510 {\n  width: 100%;\n}\n<\/style>\n\t<\/div>\n\t\n\n\t<div id=\"gap-1373803816\" class=\"gap-element clearfix\" style=\"display:block; height:auto;\">\n\t\t\n<style>\n#gap-1373803816 {\n  padding-top: 10px;\n}\n<\/style>\n\t<\/div>\n\t\n\n\n\t\t<\/div>\n\t\t\t\t\t<\/div>\n\n\t\n\n\t<div id=\"col-1097547791\" class=\"col medium-6 small-12 large-6\"  >\n\t\t\t\t<div class=\"col-inner text-left\"  >\n\t\t\t\n\t\t\t\n\n<h2>Entdecken Sie verschiedene pflanzliche Produkte.<\/h2>\n<p>Wir nehmen uns die Zeit f\u00fcr Sie und Sie k\u00f6nnen es auch! Schauen Sie sich in Ruhe um und gehen Sie alle unsere Produkte durch, mit denen Sie ein magisches Erlebnis haben k\u00f6nnen, auf einer Party, zu Hause oder einfach in der Natur von Amsterdam!<\/p>\n<p>Nat\u00fcrlich ist dies der perfekte Ort f\u00fcr alle Arten von intelligenten Qualit\u00e4tsprodukten, wie Uppers und Downers, wie Kanna oder Kratom, Cannabis-Samen, Sex-Produkte, Vitamine f\u00fcr die Genesung, Cbd-\u00d6l und Fl\u00fcssigkeit, Wasserpfeifen, Vaporizer und mehr!<\/p>\n\n\t\t<\/div>\n\t\t\t\t\t<\/div>\n\n\t\n\n<\/div>\n\n\t\t<\/div>\n\n\t\t\n<style>\n#section_2068548400 {\n  padding-top: 60px;\n  padding-bottom: 60px;\n  background-color: rgb(0,0,0);\n}\n<\/style>\n\t<\/section>\n\t\n\n\t<section class=\"section\" id=\"section_1131140863\">\n\t\t<div class=\"section-bg fill\" >\n\t\t\t\t\t\t\t\t\t\n\t\t\t\n\t<div class=\"is-border\"\n\t\tstyle=\"border-width:0px 0px 0px 0px;\">\n\t<\/div>\n\n\t\t<\/div>\n\n\t\t\n\n\t\t<div class=\"section-content relative\">\n\t\t\t\n\n<div class=\"row row-large align-middle\"  id=\"row-80971738\">\n\n\n\t<div id=\"col-1303633100\" class=\"col medium-6 small-12 large-6\"  >\n\t\t\t\t<div class=\"col-inner text-left\"  >\n\t\t\t\n\t\t\t\n\n<h2 data-animated=\"true\" data-animate=\"fadeInLeft\">Bestellen Sie Ihre Lieblingsprodukte online in Amsterdam!<\/h2>\n<p data-animated=\"true\" data-animate=\"fadeInLeft\">Viel zu tun, viel zu tun, viel zu tun? Keine Zeit, eine unserer Filialen in Amsterdam zu besuchen? Oder leben Sie im Ausland? Wir bieten Ihnen ein umfangreiches Sortiment an Online-Produkten in unserem Webshop, der st\u00e4ndig erneuert wird. <span id=\"ext-gen2322\"><\/span><\/p>\n<p data-animated=\"true\" data-animate=\"fadeInLeft\">Bei uns k\u00f6nnen Sie online bestellen!<\/p>\n<a href=\"https:\/\/www.headshop.nl\/de\/\" class=\"button primary box-shadow-2 box-shadow-4-hover\" target=\"_blank\" rel=\"noopener\">\n\t\t<span>Jetzt einkaufen<\/span>\n\t<\/a>\n\n\n\n\t\t<\/div>\n\t\t\t\t\t<\/div>\n\n\t\n\n\t<div id=\"col-1905027401\" class=\"col medium-6 small-12 large-6 small-col-first\"  >\n\t\t\t\t<div class=\"col-inner\"  >\n\t\t\t\n\t\t\t\n\n\t<div class=\"img has-hover x md-x lg-x y md-y lg-y\" id=\"image_1097355441\">\n\t\t\t\t\t\t\t\t<div class=\"img-inner dark\" >\n\t\t\t<img loading=\"lazy\" decoding=\"async\" width=\"600\" height=\"400\" src=\"https:\/\/www.headshop.nl\/wp-content\/uploads\/2018\/05\/Discreet-Shipping-Tatanka.jpg\" class=\"attachment-original size-original\" alt=\"\" srcset=\"https:\/\/www.headshop.nl\/wp-content\/uploads\/2018\/05\/Discreet-Shipping-Tatanka.jpg 600w, https:\/\/www.headshop.nl\/wp-content\/uploads\/2018\/05\/Discreet-Shipping-Tatanka-420x280.jpg 420w, https:\/\/www.headshop.nl\/wp-content\/uploads\/2018\/05\/Discreet-Shipping-Tatanka-64x43.jpg 64w\" sizes=\"auto, (max-width: 600px) 100vw, 600px\">\t\t\t\t\t\t\n\t\t\t\t\t<\/div>\n\t\t\t\t\t\t\t\t\n<style>\n#image_1097355441 {\n  width: 100%;\n}\n<\/style>\n\t<\/div>\n\t\n\n\t<div id=\"gap-1091607181\" class=\"gap-element clearfix\" style=\"display:block; height:auto;\">\n\t\t\n<style>\n#gap-1091607181 {\n  padding-top: 10px;\n}\n<\/style>\n\t<\/div>\n\t\n\n\n\t\t<\/div>\n\t\t\t\t\t<\/div>\n\n\t\n\n<\/div>\n\n\t\t<\/div>\n\n\t\t\n<style>\n#section_1131140863 {\n  padding-top: 60px;\n  padding-bottom: 60px;\n}\n<\/style>\n\t<\/section>","protected":false},"excerpt":{"rendered":"","protected":false},"author":807,"featured_media":0,"parent":0,"menu_order":0,"comment_status":"closed","ping_status":"closed","template":"page-blank.php","meta":{"footnotes":""},"class_list":["post-15152","page","type-page","status-publish","hentry"],"_links":{"self":[{"href":"https:\/\/www.headshop.nl\/de\/wp-json\/wp\/v2\/pages\/15152","targetHints":{"allow":["GET"]}}],"collection":[{"href":"https:\/\/www.headshop.nl\/de\/wp-json\/wp\/v2\/pages"}],"about":[{"href":"https:\/\/www.headshop.nl\/de\/wp-json\/wp\/v2\/types\/page"}],"author":[{"embeddable":true,"href":"https:\/\/www.headshop.nl\/de\/wp-json\/wp\/v2\/users\/807"}],"replies":[{"embeddable":true,"href":"https:\/\/www.headshop.nl\/de\/wp-json\/wp\/v2\/comments?post=15152"}],"version-history":[{"count":0,"href":"https:\/\/www.headshop.nl\/de\/wp-json\/wp\/v2\/pages\/15152\/revisions"}],"wp:attachment":[{"href":"https:\/\/www.headshop.nl\/de\/wp-json\/wp\/v2\/media?parent=15152"}],"curies":[{"name":"wp","href":"https:\/\/api.w.org\/{rel}","templated":true}]}}